{"id":26,"date":"2020-05-08T10:31:06","date_gmt":"2020-05-08T07:31:06","guid":{"rendered":"http:\/\/www.kustr.org\/kusisimleri\/?page_id=26"},"modified":"2020-07-27T14:05:44","modified_gmt":"2020-07-27T11:05:44","slug":"familyalar","status":"publish","type":"page","link":"https:\/\/www.kustr.org\/kusisimleri\/familyalar\/","title":{"rendered":"Ku\u015f Familyalar\u0131"},"content":{"rendered":"\n<p>Son taksonomik listelere g\u00f6re d\u00fcnya \u00fczerinde 249 ku\u015f familyas\u0131 bulunmaktad\u0131r. En kalabal\u0131k tak\u0131m olan \u00f6t\u00fcc\u00fclerde (Passeriformes) 141 farkl\u0131 ku\u015f familyas\u0131 s\u0131n\u0131fland\u0131r\u0131lm\u0131\u015ft\u0131r.<\/p>\n\n\n\n<br><b><font color=\"#aaa\">Struthioniformes<\/font><\/b>\t<li><b>DEVEKU\u015eUG\u0130LLER<\/b> Struthionidae<\/li>\n<br><b><font color=\"#aaa\">Rheiformes<\/font><\/b>\t<li><b>REAG\u0130LLER<\/b> Rheidae<\/li>\n<br><b><font color=\"#aaa\">Tinamiformes<\/font><\/b>\t<li><b>T\u0130NAMUG\u0130LLER<\/b> Tinamidae<\/li>\n<br><b><font color=\"#aaa\">Casuariiformes<\/font><\/b>\t<li><b>KASUAR\u0130G\u0130LLER<\/b> Casuariidae<\/li>\n<br><b><font color=\"#aaa\">Apterygiformes<\/font><\/b>\t<li><b>K\u0130V\u0130G\u0130LLER<\/b> Apterygidae<\/li>\n<br><b><font color=\"#aaa\">Anseriformes<\/font><\/b>\t<li><b>F\u0130GANKAZIG\u0130LLER<\/b> Anhimidae<\/li>\n\t<li><b>SAKSA\u011eANKAZIG\u0130LLER<\/b> Anseranatidae<\/li>\n\t<li><b>\u00d6RDEKG\u0130LLER<\/b> Anatidae<\/li>\n<br><b><font color=\"#aaa\">Galliformes<\/font><\/b>\t<li><b>MEGAPODG\u0130LLER<\/b> Megapodiidae<\/li>\n\t<li><b>GUANG\u0130LLER<\/b> Cracidae<\/li>\n\t<li><b>BE\u00c7TAVU\u011eUG\u0130LLER<\/b> Numididae<\/li>\n\t<li><b>YEN\u0130D\u00dcNYA BILDIRCINLARI<\/b> Odontophoridae<\/li>\n\t<li><b>S\u00dcL\u00dcNG\u0130LLER<\/b> Phasianidae<\/li>\n<br><b><font color=\"#aaa\">Phoenicopteriformes<\/font><\/b>\t<li><b>FLAM\u0130NGOG\u0130LLER<\/b> Phoenicopteridae<\/li>\n<br><b><font color=\"#aaa\">Podicipediformes<\/font><\/b>\t<li><b>BATA\u011eANG\u0130LLER<\/b> Podicipedidae<\/li>\n<br><b><font color=\"#aaa\">Columbiformes<\/font><\/b>\t<li><b>G\u00dcVERC\u0130NG\u0130LLER<\/b> Columbidae<\/li>\n<br><b><font color=\"#aaa\">Mesitornithiformes<\/font><\/b>\t<li><b>MEZ\u0130TG\u0130LLER<\/b> Mesitornithidae<\/li>\n<br><b><font color=\"#aaa\">Pterocliformes<\/font><\/b>\t<li><b>BA\u011eIRTLAKG\u0130LLER<\/b> Pteroclidae<\/li>\n<br><b><font color=\"#aaa\">Otidiformes<\/font><\/b>\t<li><b>TOYG\u0130LLER<\/b> Otididae<\/li>\n<br><b><font color=\"#aaa\">Musophagiformes<\/font><\/b>\t<li><b>TURAKOG\u0130LLER<\/b> Musophagidae<\/li>\n<br><b><font color=\"#aaa\">Cuculiformes<\/font><\/b>\t<li><b>GUGUKG\u0130LLER<\/b> Cuculidae<\/li>\n<br><b><font color=\"#aaa\">Caprimulgiformes<\/font><\/b>\t<li><b>KOCAA\u011eIZG\u0130LLER<\/b> Podargidae<\/li>\n\t<li><b>\u00c7OBANALDATANG\u0130LLER<\/b> Caprimulgidae<\/li>\n\t<li><b>PUTUG\u0130LLER<\/b> Nyctibiidae<\/li>\n\t<li><b>YA\u011eKU\u015eUG\u0130LLER<\/b> Steatornithidae<\/li>\n\t<li><b>EGOTELG\u0130LLER<\/b> Aegothelidae<\/li>\n\t<li><b>EBAB\u0130LG\u0130LLER<\/b> Apodidae<\/li>\n\t<li><b>A\u011eA\u00c7 EBAB\u0130L\u0130G\u0130LLER<\/b> Hemiprocnidae<\/li>\n\t<li><b>KOL\u0130BR\u0130G\u0130LLER<\/b> Trochilidae<\/li>\n<br><b><font color=\"#aaa\">Opisthocomiformes<\/font><\/b>\t<li><b>HOATZ\u0130NG\u0130LLER<\/b> Opisthocomidae<\/li>\n<br><b><font color=\"#aaa\">Gruiformes<\/font><\/b>\t<li><b>ALACAYELVEG\u0130LLER<\/b> Sarothruridae<\/li>\n\t<li><b>YELVEG\u0130LLER<\/b> Rallidae<\/li>\n\t<li><b>BATA\u011eANYELVES\u0130G\u0130LLER<\/b> Heliornithidae<\/li>\n\t<li><b>TURNAYELVES\u0130G\u0130LLER<\/b> Aramidae<\/li>\n\t<li><b>BORAZANKU\u015eUG\u0130LLER<\/b> Psophiidae<\/li>\n\t<li><b>TURNAG\u0130LLER<\/b> Gruidae<\/li>\n<br><b><font color=\"#aaa\">Charadriiformes<\/font><\/b>\t<li><b>KINGAGAG\u0130LLER<\/b> Chionidae<\/li>\n\t<li><b>MACELLANCILIBITIG\u0130LLER<\/b> Pluvianellidae<\/li>\n\t<li><b>KOCAG\u00d6ZG\u0130LLER<\/b> Burhinidae<\/li>\n\t<li><b>T\u0130MSAHKU\u015eUG\u0130LLER<\/b> Pluvianidae<\/li>\n\t<li><b>KILI\u00c7GAGAG\u0130LLER<\/b> Recurvirostridae<\/li>\n\t<li><b>AYNAKGAGAG\u0130LLER<\/b> Ibidorhynchidae<\/li>\n\t<li><b>POYRAZKU\u015eUG\u0130LLER<\/b> Haematopodidae<\/li>\n\t<li><b>CILIBITG\u0130LLER<\/b> Charadriidae<\/li>\n\t<li><b>PEDYONOMG\u0130LLER<\/b> Pedionomidae<\/li>\n\t<li><b>TOHUM\u00c7ULLU\u011eUG\u0130LLER<\/b> Thinocoridae<\/li>\n\t<li><b>BOYALI\u00c7ULLUKG\u0130LLER<\/b> Rostratulidae<\/li>\n\t<li><b>JAKANAG\u0130LLER<\/b> Jacanidae<\/li>\n\t<li><b>\u00c7ULLUKG\u0130LLER<\/b> Scolopacidae<\/li>\n\t<li><b>BILDIRCINYELVES\u0130G\u0130LLER<\/b> Turnicidae<\/li>\n\t<li><b>YENGE\u00c7YA\u011eMURCUNUG\u0130LLER<\/b> Dromadidae<\/li>\n\t<li><b>BATAKLIKKIRLANGICIG\u0130LLER<\/b> Glareolidae<\/li>\n\t<li><b>KORSANMARTIG\u0130LLER<\/b> Stercorariidae<\/li>\n\t<li><b>ALKG\u0130LLER<\/b> Alcidae<\/li>\n\t<li><b>MARTIG\u0130LLER<\/b> Laridae<\/li>\n<br><b><font color=\"#aaa\">Eurypygiformes<\/font><\/b>\t<li><b>KAGUG\u0130LLER<\/b> Rhynochetidae<\/li>\n\t<li><b>BALABANYELVES\u0130G\u0130LLER<\/b> Eurypygidae<\/li>\n<br><b><font color=\"#aaa\">Phaethontiformes<\/font><\/b>\t<li><b>TROP\u0130KKU\u015eUG\u0130LLER<\/b> Phaethontidae<\/li>\n<br><b><font color=\"#aaa\">Gaviiformes<\/font><\/b>\t<li><b>DALGI\u00c7G\u0130LLER<\/b> Gaviidae<\/li>\n<br><b><font color=\"#aaa\">Sphenisciformes<\/font><\/b>\t<li><b>PENGUENG\u0130LLER<\/b> Spheniscidae<\/li>\n<br><b><font color=\"#aaa\">Procellariiformes<\/font><\/b>\t<li><b>ALBATROSG\u0130LLER<\/b> Diomedeidae<\/li>\n\t<li><b>G\u00dcNEYL\u0130 FIRTINAKIRLANGI\u00c7LARI<\/b> Oceanitidae<\/li>\n\t<li><b>KUZEYL\u0130 FIRTINAKIRLANGI\u00c7LARI<\/b> Hydrobatidae<\/li>\n\t<li><b>FIRTINAKU\u015eUG\u0130LLER<\/b> Procellariidae<\/li>\n<br><b><font color=\"#aaa\">Ciconiiformes<\/font><\/b>\t<li><b>LEYLEKG\u0130LLER<\/b> Ciconiidae<\/li>\n<br><b><font color=\"#aaa\">Suliformes<\/font><\/b>\t<li><b>FREGATKU\u015eUG\u0130LLER<\/b> Fregatidae<\/li>\n\t<li><b>S\u00dcMS\u00dcKG\u0130LLER<\/b> Sulidae<\/li>\n\t<li><b>YILANBOYUNG\u0130LLER<\/b> Anhingidae<\/li>\n\t<li><b>KARABATAKG\u0130LLER<\/b> Phalacrocoracidae<\/li>\n<br><b><font color=\"#aaa\">Pelecaniformes<\/font><\/b>\t<li><b>PEL\u0130KANG\u0130LLER<\/b> Pelecanidae<\/li>\n\t<li><b>PABU\u00c7GAGAG\u0130LLER<\/b> Balaenicipitidae<\/li>\n\t<li><b>\u00c7EK\u0130\u00c7KAFAG\u0130LLER<\/b> Scopidae<\/li>\n\t<li><b>BALIK\u00c7ILG\u0130LLER<\/b> Ardeidae<\/li>\n\t<li><b>AYNAKG\u0130LLER<\/b> Threskiornithidae<\/li>\n<br><b><font color=\"#aaa\">Cathartiformes<\/font><\/b>\t<li><b>YEN\u0130D\u00dcNYA AKBABALARI<\/b> Cathartidae<\/li>\n<br><b><font color=\"#aaa\">Accipitriformes<\/font><\/b>\t<li><b>SEKRETERKU\u015eUG\u0130LLER<\/b> Sagittariidae<\/li>\n\t<li><b>BALIKKARTALIG\u0130LLER<\/b> Pandionidae<\/li>\n\t<li><b>ATMACAG\u0130LLER<\/b> Accipitridae<\/li>\n<br><b><font color=\"#aaa\">Strigiformes<\/font><\/b>\t<li><b>PE\u00c7EL\u0130BAYKU\u015eG\u0130LLER<\/b> Tytonidae<\/li>\n\t<li><b>BAYKU\u015eG\u0130LLER<\/b> Strigidae<\/li>\n<br><b><font color=\"#aaa\">Coliiformes<\/font><\/b>\t<li><b>FAREKU\u015eUG\u0130LLER<\/b> Coliidae<\/li>\n<br><b><font color=\"#aaa\">Leptosomiformes<\/font><\/b>\t<li><b>KUROLG\u0130LLER<\/b> Leptosomidae<\/li>\n<br><b><font color=\"#aaa\">Trogoniformes<\/font><\/b>\t<li><b>TROGONG\u0130LLER<\/b> Trogonidae<\/li>\n<br><b><font color=\"#aaa\">Bucerotiformes<\/font><\/b>\t<li><b>\u0130B\u0130B\u0130KG\u0130LLER<\/b> Upupidae<\/li>\n\t<li><b>A\u011eA\u00c7\u0130B\u0130B\u0130\u011e\u0130G\u0130LLER<\/b> Phoeniculidae<\/li>\n\t<li><b>YERBOYNUZGAGASIG\u0130LLER<\/b> Bucorvidae<\/li>\n\t<li><b>BOYNUZGAGAG\u0130LLER<\/b> Bucerotidae<\/li>\n<br><b><font color=\"#aaa\">Coraciiformes<\/font><\/b>\t<li><b>TOD\u0130G\u0130LLER<\/b> Todidae<\/li>\n\t<li><b>MOTMOTG\u0130LLER<\/b> Momotidae<\/li>\n\t<li><b>YALI\u00c7APKINIG\u0130LLER<\/b> Alcedinidae<\/li>\n\t<li><b>ARIKU\u015eUG\u0130LLER<\/b> Meropidae<\/li>\n\t<li><b>G\u00d6KKUZGUNG\u0130LLER<\/b> Coraciidae<\/li>\n\t<li><b>MADAGASKAR YERKARGALARI<\/b> Brachypteraciidae<\/li>\n<br><b><font color=\"#aaa\">Galbuliformes<\/font><\/b>\t<li><b>BUKKOG\u0130LLER<\/b> Bucconidae<\/li>\n\t<li><b>JAKAMARG\u0130LLER<\/b> Galbulidae<\/li>\n<br><b><font color=\"#aaa\">Piciformes<\/font><\/b>\t<li><b>AFR\u0130KA BARBETLER\u0130<\/b> Lybiidae<\/li>\n\t<li><b>ASYA BARBETLER\u0130<\/b> Megalaimidae<\/li>\n\t<li><b>YEN\u0130D\u00dcNYA BARBETLER\u0130<\/b> Capitonidae<\/li>\n\t<li><b>TUKAN BARBETLER\u0130<\/b> Semnornithidae<\/li>\n\t<li><b>TUKANG\u0130LLER<\/b> Ramphastidae<\/li>\n\t<li><b>BALKILAVUZUG\u0130LLER<\/b> Indicatoridae<\/li>\n\t<li><b>A\u011eA\u00c7KAKANG\u0130LLER<\/b> Picidae<\/li>\n<br><b><font color=\"#aaa\">Cariamiformes<\/font><\/b>\t<li><b>KAR\u0130YAMAG\u0130LLER<\/b> Cariamidae<\/li>\n<br><b><font color=\"#aaa\">Falconiformes<\/font><\/b>\t<li><b>DO\u011eANG\u0130LLER<\/b> Falconidae<\/li>\n<br><b><font color=\"#aaa\">Psittaciformes<\/font><\/b>\t<li><b>YEN\u0130 ZELANDA PAPA\u011eANLARI<\/b> Strigopidae<\/li>\n\t<li><b>KAKADUG\u0130LLER<\/b> Cacatuidae<\/li>\n\t<li><b>ESK\u0130D\u00dcNYA PAPA\u011eANLARI<\/b> Psittaculidae<\/li>\n\t<li><b>YEN\u0130D\u00dcNYA VE AFR\u0130KA PAPA\u011eANLARI<\/b> Psittacidae<\/li>\n<br><b><font color=\"#aaa\">Passeriformes<\/font><\/b>\t<li><b>N\u0130\u015eANCIG\u0130LLER<\/b> Acanthisittidae<\/li>\n\t<li><b>AFR\u0130KA VE YE\u015e\u0130L GEN\u0130\u015eGAGALARI<\/b> Calyptomenidae<\/li>\n\t<li><b>ASYA VE GRAUER GEN\u0130\u015eGAGALARI<\/b> Eurylaimidae<\/li>\n\t<li><b>SAPAYOAG\u0130LLER<\/b> Sapayoidae<\/li>\n\t<li><b>F\u0130L\u0130PETG\u0130LLER<\/b> Philepittidae<\/li>\n\t<li><b>P\u0130TTAG\u0130LLER<\/b> Pittidae<\/li>\n\t<li><b>KARINCAKU\u015eUG\u0130LLER<\/b> Thamnophilidae<\/li>\n\t<li><b>H\u0130LALGERDANG\u0130LLER<\/b> Melanopareiidae<\/li>\n\t<li><b>B\u0130TY\u0130YENG\u0130LLER<\/b> Conopophagidae<\/li>\n\t<li><b>YER\u00c7AVU\u015eUG\u0130LLER<\/b> Grallariidae<\/li>\n\t<li><b>TAPAKOLAG\u0130LLER<\/b> Rhinocryptidae<\/li>\n\t<li><b>KARINCAARDICIG\u0130LLER<\/b> Formicariidae<\/li>\n\t<li><b>\u00c7\u00d6MLEK\u00c7\u0130KU\u015eUG\u0130LLER<\/b> Furnariidae<\/li>\n\t<li><b>MANAK\u0130NG\u0130LLER<\/b> Pipridae<\/li>\n\t<li><b>KOT\u0130NGAG\u0130LLER<\/b> Cotingidae<\/li>\n\t<li><b>T\u0130T\u0130RAG\u0130LLER<\/b> Tityridae<\/li>\n\t<li><b>T\u0130RANKOT\u0130NGASIG\u0130LLER<\/b> Oxyruncidae<\/li>\n\t<li><b>T\u0130RANG\u0130LLER<\/b> Tyrannidae<\/li>\n\t<li><b>L\u0130RKU\u015eUG\u0130LLER<\/b> Menuridae<\/li>\n\t<li><b>AVUSTRALYA \u00c7ALIKU\u015eLARI<\/b> Atrichornithidae<\/li>\n\t<li><b>\u00c7ARDAKKU\u015eUG\u0130LLER<\/b> Ptilonorhynchidae<\/li>\n\t<li><b>AVUSTRALYA TIRMA\u015eIKKU\u015eLARI<\/b> Climacteridae<\/li>\n\t<li><b>AVUSTRALYA M\u00dcCEVHERKU\u015eLARI<\/b> Maluridae<\/li>\n\t<li><b>BALKU\u015eUG\u0130LLER<\/b> Meliphagidae<\/li>\n\t<li><b>BIYIKLIKU\u015eG\u0130LLER<\/b> Dasyornithidae<\/li>\n\t<li><b>PARDALOTG\u0130LLER<\/b> Pardalotidae<\/li>\n\t<li><b>D\u0130KENGAGAG\u0130LLER<\/b> Acanthizidae<\/li>\n\t<li><b>POMATOSTOMLAR<\/b> Pomatostomidae<\/li>\n\t<li><b>DALCAMBAZIG\u0130LLER<\/b> Orthonychidae<\/li>\n\t<li><b>\u00c7\u0130LARDICIG\u0130LLER<\/b> Cinclosomatidae<\/li>\n\t<li><b>TIRTILY\u0130YENG\u0130LLER<\/b> Campephagidae<\/li>\n\t<li><b>MOHUAG\u0130LLER<\/b> Mohouidae<\/li>\n\t<li><b>AVUSTRALYA SIVACILARI<\/b> Neosittidae<\/li>\n\t<li><b>KAM\u00c7IKU\u015eUG\u0130LLER<\/b> Psophodidae<\/li>\n\t<li><b>SABANKU\u015eUG\u0130LLER<\/b> Eulacestomatidae<\/li>\n\t<li><b>Z\u0130LKU\u015eLARI<\/b> Oreoicidae<\/li>\n\t<li><b>KERPETENKU\u015eUG\u0130LLER<\/b> Falcunculidae<\/li>\n\t<li><b>YEM\u0130\u015eKAKANG\u0130LLER<\/b> Paramythiidae<\/li>\n\t<li><b>V\u0130REOG\u0130LLER<\/b> Vireonidae<\/li>\n\t<li><b>ISLIK\u00c7IG\u0130LLER<\/b> Pachycephalidae<\/li>\n\t<li><b>SARIASMAG\u0130LLER<\/b> Oriolidae<\/li>\n\t<li><b>YASSIGAGAG\u0130LLER<\/b> Machaerirhynchidae<\/li>\n\t<li><b>ORMANKIRLANGICIG\u0130LLER<\/b> Artamidae<\/li>\n\t<li><b>BENEKL\u0130ISLIK\u00c7IG\u0130LLER<\/b> Rhagologidae<\/li>\n\t<li><b>BAT\u0130SG\u0130LLER<\/b> Platysteiridae<\/li>\n\t<li><b>VANGAG\u0130LLER<\/b> Vangidae<\/li>\n\t<li><b>FIR\u00c7AKAFAG\u0130LLER<\/b> Pityriasidae<\/li>\n\t<li><b>\u0130ORAG\u0130LLER<\/b> Aegithinidae<\/li>\n\t<li><b>\u00c7ALIKASABIG\u0130LLER<\/b> Malaconotidae<\/li>\n\t<li><b>KATMERKUYRUKG\u0130LLER<\/b> Rhipiduridae<\/li>\n\t<li><b>DRONGOG\u0130LLER<\/b> Dicruridae<\/li>\n\t<li><b>CENNETKU\u015eUG\u0130LLER<\/b> Paradisaeidae<\/li>\n\t<li><b>\u0130FR\u0130TAKARGASIG\u0130LLER<\/b> Ifritidae<\/li>\n\t<li><b>MONARKG\u0130LLER<\/b> Monarchidae<\/li>\n\t<li><b>AVUSTRALYA \u00c7\u00d6MLEKYUVACILARI<\/b> Corcoracidae<\/li>\n\t<li><b>MELAMP\u0130TG\u0130LLER<\/b> Melampittidae<\/li>\n\t<li><b>PLAT\u0130LOFG\u0130LLER<\/b> Platylophidae<\/li>\n\t<li><b>\u00d6R\u00dcMCEKKU\u015eUG\u0130LLER<\/b> Laniidae<\/li>\n\t<li><b>KARGAG\u0130LLER<\/b> Corvidae<\/li>\n\t<li><b>ATLASKU\u015eUG\u0130LLER<\/b> Cnemophilidae<\/li>\n\t<li><b>AVUSTRALYA MEYVEC\u0130LER\u0130<\/b> Melanocharitidae<\/li>\n\t<li><b>\u0130B\u0130KL\u0130 BALY\u0130YENG\u0130LLER<\/b> Callaeidae<\/li>\n\t<li><b>H\u0130H\u0130G\u0130LLER<\/b> Notiomystidae<\/li>\n\t<li><b>AVUSTRALASYA B\u00dcLB\u00dcLLER\u0130<\/b> Petroicidae<\/li>\n\t<li><b>MA\u011eARASAKSA\u011eANIG\u0130LLER<\/b> Picathartidae<\/li>\n\t<li><b>KAYAZIPLARIG\u0130LLER<\/b> Chaetopidae<\/li>\n\t<li><b>YELVEARDICIG\u0130LLER<\/b> Eupetidae<\/li>\n\t<li><b>H\u0130LYOTAG\u0130LLER<\/b> Hyliotidae<\/li>\n\t<li><b>STENOST\u0130R S\u0130NEKKAPANLARI<\/b> Stenostiridae<\/li>\n\t<li><b>BA\u015eTANKARAG\u0130LLER<\/b> Paridae<\/li>\n\t<li><b>\u00c7ULHAG\u0130LLER<\/b> Remizidae<\/li>\n\t<li><b>TOYGARG\u0130LLER<\/b> Alaudidae<\/li>\n\t<li><b>BIYIKLIBA\u015eTANKARAG\u0130LLER<\/b> Panuridae<\/li>\n\t<li><b>N\u0130KATORG\u0130LLER<\/b> Nicatoridae<\/li>\n\t<li><b>AFR\u0130KA \u00d6TLE\u011eENLER\u0130<\/b> Macrosphenidae<\/li>\n\t<li><b>YELPAZEKUYRUKG\u0130LLER<\/b> Cisticolidae<\/li>\n\t<li><b>KAMI\u015e\u00c7ING\u0130LLER<\/b> Acrocephalidae<\/li>\n\t<li><b>\u00c7EK\u0130RGEKAMI\u015e\u00c7INIG\u0130LLER<\/b> Locustellidae<\/li>\n\t<li><b>DONAKOB\u0130YUSG\u0130LLER<\/b> Donacobiidae<\/li>\n\t<li><b>MADAGASKAR \u00d6TLE\u011eENLER\u0130<\/b> Bernieridae<\/li>\n\t<li><b>C\u0130VC\u0130VKU\u015eUG\u0130LLER<\/b> Pnoepygidae<\/li>\n\t<li><b>KIRLANGI\u00c7G\u0130LLER<\/b> Hirundinidae<\/li>\n\t<li><b>ARAPB\u00dcLB\u00dcL\u00dcG\u0130LLER<\/b> Pycnonotidae<\/li>\n\t<li><b>\u00c7IVGING\u0130LLER<\/b> Phylloscopidae<\/li>\n\t<li><b>KAMI\u015eB\u00dcLB\u00dcL\u00dcG\u0130LLER<\/b> Scotocercidae<\/li>\n\t<li><b>UZUNKUYRUKG\u0130LLER<\/b> Aegithalidae<\/li>\n\t<li><b>\u00d6TLE\u011eENG\u0130LLER<\/b> Sylviidae<\/li>\n\t<li><b>G\u00d6ZL\u00dcK\u00c7\u00dcG\u0130LLER<\/b> Zosteropidae<\/li>\n\t<li><b>T\u0130MALYAG\u0130LLER<\/b> Timaliidae<\/li>\n\t<li><b>YALANCIYERARDI\u00c7LARI<\/b> Pellorneidae<\/li>\n\t<li><b>GEVEZEARDI\u00c7G\u0130LLER<\/b> Leiothrichidae<\/li>\n\t<li><b>\u00c7ALIKU\u015eUG\u0130LLER<\/b> Regulidae<\/li>\n\t<li><b>DUVARTIRMA\u015eIKKU\u015eUG\u0130LLER<\/b> Tichodromidae<\/li>\n\t<li><b>SIVACIG\u0130LLER<\/b> Sittidae<\/li>\n\t<li><b>TIRMA\u015eIKKU\u015eUG\u0130LLER<\/b> Certhiidae<\/li>\n\t<li><b>B\u0130TKU\u015eUG\u0130LLER<\/b> Polioptilidae<\/li>\n\t<li><b>\u00c7ITKU\u015eUG\u0130LLER<\/b> Troglodytidae<\/li>\n\t<li><b>ELA\u00c7URAG\u0130LLER<\/b> Elachuridae<\/li>\n\t<li><b>DEREKU\u015eUG\u0130LLER<\/b> Cinclidae<\/li>\n\t<li><b>KENEKU\u015eUG\u0130LLER<\/b> Buphagidae<\/li>\n\t<li><b>SI\u011eIRCIKG\u0130LLER<\/b> Sturnidae<\/li>\n\t<li><b>TAKL\u0130T\u00c7\u0130G\u0130LLER<\/b> Mimidae<\/li>\n\t<li><b>ARDI\u00c7G\u0130LLER<\/b> Turdidae<\/li>\n\t<li><b>S\u0130NEKKAPANG\u0130LLER<\/b> Muscicapidae<\/li>\n\t<li><b>\u0130PEKKUYRUKG\u0130LLER<\/b> Bombycillidae<\/li>\n\t<li><b>HAWA\u0130 BALKU\u015eUG\u0130LLER<\/b> Mohoidae<\/li>\n\t<li><b>\u0130PEKL\u0130S\u0130NEKKAPANG\u0130LLER<\/b> Ptiliogonatidae<\/li>\n\t<li><b>PALM\u0130YEKU\u015eUG\u0130LLER<\/b> Dulidae<\/li>\n\t<li><b>ORMANISLIK\u00c7ISIG\u0130LLER<\/b> Hylocitreidae<\/li>\n\t<li><b>HURMAY\u0130YENG\u0130LLER<\/b> Hypocoliidae<\/li>\n\t<li><b>\u015eEKERKU\u015eUG\u0130LLER<\/b> Promeropidae<\/li>\n\t<li><b>ISLIK\u00c7IARDI\u00c7G\u0130LLER<\/b> Modulatricidae<\/li>\n\t<li><b>\u00c7\u0130\u00c7EKKAKANG\u0130LLER<\/b> Dicaeidae<\/li>\n\t<li><b>NEKTARKU\u015eUG\u0130LLER<\/b> Nectariniidae<\/li>\n\t<li><b>\u0130RENAG\u0130LLER<\/b> Irenidae<\/li>\n\t<li><b>YAPRAKKU\u015eUG\u0130LLER<\/b> Chloropseidae<\/li>\n\t<li><b>ZEYTUN\u0130\u00d6TLE\u011eENG\u0130LLER<\/b> Peucedramidae<\/li>\n\t<li><b>PRZEVALSK\u0130 \u00c7\u00dcTRES\u0130<\/b> Urocynchramidae<\/li>\n\t<li><b>DOKUMACIG\u0130LLER<\/b> Ploceidae<\/li>\n\t<li><b>MUMGAGAG\u0130LLER<\/b> Estrildidae<\/li>\n\t<li><b>\u00c7\u0130V\u0130TKU\u015eUG\u0130LLER<\/b> Viduidae<\/li>\n\t<li><b>DA\u011eB\u00dcLB\u00dcL\u00dcG\u0130LLER<\/b> Prunellidae<\/li>\n\t<li><b>SER\u00c7EG\u0130LLER<\/b> Passeridae<\/li>\n\t<li><b>KUYRUKSALLAYANG\u0130LLER<\/b> Motacillidae<\/li>\n\t<li><b>\u0130SP\u0130NOZG\u0130LLER<\/b> Fringillidae<\/li>\n\t<li><b>KUTUP \u00c7\u0130NTELER\u0130<\/b> Calcariidae<\/li>\n\t<li><b>ARDI\u00c7TANGARASIG\u0130LLER<\/b> Rhodinocichlidae<\/li>\n\t<li><b>\u00c7\u0130NTEG\u0130LLER<\/b> Emberizidae<\/li>\n\t<li><b>AMER\u0130KA SER\u00c7ELER\u0130<\/b> Passerellidae<\/li>\n\t<li><b>B\u00dcLB\u00dcLTANGARASIG\u0130LLER<\/b> Calyptophilidae<\/li>\n\t<li><b>\u0130SPANYOLA TANGARALARI<\/b> Phaenicophilidae<\/li>\n\t<li><b>PORTO R\u0130KO TANGARALARI<\/b> Nesospingidae<\/li>\n\t<li><b>SP\u0130NDALG\u0130LLER<\/b> Spindalidae<\/li>\n\t<li><b>ZELEDONG\u0130LLER<\/b> Zeledoniidae<\/li>\n\t<li><b>K\u00dcBA \u00d6TLE\u011eENLER\u0130<\/b> Teretistridae<\/li>\n\t<li><b>\u0130KTERYAG\u0130LLER<\/b> Icteriidae<\/li>\n\t<li><b>\u0130KTER\u0130DLER<\/b> Icteridae<\/li>\n\t<li><b>AMER\u0130KA \u00d6TLE\u011eENLER\u0130<\/b> Parulidae<\/li>\n\t<li><b>M\u0130TROSP\u0130NG\u0130D TANGARALARI<\/b> Mitrospingidae<\/li>\n\t<li><b>KARD\u0130NALG\u0130LLER<\/b> Cardinalidae<\/li>\n\t<li><b>TANGARAG\u0130LLER<\/b> Thraupidae<\/li>\n\n\n\n\n<p><\/p>\n","protected":false},"excerpt":{"rendered":"<p>Son taksonomik listelere g\u00f6re d\u00fcnya \u00fczerinde 249 ku\u015f familyas\u0131 bulunmaktad\u0131r. En kalabal\u0131k tak\u0131m olan \u00f6t\u00fcc\u00fclerde (Passeriformes) 141 farkl\u0131 ku\u015f familyas\u0131 s\u0131n\u0131fland\u0131r\u0131lm\u0131\u015ft\u0131r. Struthioniformes DEVEKU\u015eUG\u0130LLER Struthionidae Rheiformes REAG\u0130LLER Rheidae Tinamiformes T\u0130NAMUG\u0130LLER Tinamidae Casuariiformes KASUAR\u0130G\u0130LLER Casuariidae Apterygiformes K\u0130V\u0130G\u0130LLER Apterygidae Anseriformes F\u0130GANKAZIG\u0130LLER Anhimidae SAKSA\u011eANKAZIG\u0130LLER Anseranatidae \u00d6RDEKG\u0130LLER Anatidae Galliformes MEGAPODG\u0130LLER Megapodiidae GUANG\u0130LLER Cracidae BE\u00c7TAVU\u011eUG\u0130LLER Numididae YEN\u0130D\u00dcNYA BILDIRCINLARI Odontophoridae S\u00dcL\u00dcNG\u0130LLER Phasianidae [&hellip;]<\/p>\n","protected":false},"author":1,"featured_media":0,"parent":0,"menu_order":0,"comment_status":"closed","ping_status":"closed","template":"","meta":{"_coblocks_attr":"","_coblocks_dimensions":"","_coblocks_responsive_height":"","_coblocks_accordion_ie_support":"","footnotes":""},"_links":{"self":[{"href":"https:\/\/www.kustr.org\/kusisimleri\/wp-json\/wp\/v2\/pages\/26"}],"collection":[{"href":"https:\/\/www.kustr.org\/kusisimleri\/wp-json\/wp\/v2\/pages"}],"about":[{"href":"https:\/\/www.kustr.org\/kusisimleri\/wp-json\/wp\/v2\/types\/page"}],"author":[{"embeddable":true,"href":"https:\/\/www.kustr.org\/kusisimleri\/wp-json\/wp\/v2\/users\/1"}],"replies":[{"embeddable":true,"href":"https:\/\/www.kustr.org\/kusisimleri\/wp-json\/wp\/v2\/comments?post=26"}],"version-history":[{"count":5,"href":"https:\/\/www.kustr.org\/kusisimleri\/wp-json\/wp\/v2\/pages\/26\/revisions"}],"predecessor-version":[{"id":426,"href":"https:\/\/www.kustr.org\/kusisimleri\/wp-json\/wp\/v2\/pages\/26\/revisions\/426"}],"wp:attachment":[{"href":"https:\/\/www.kustr.org\/kusisimleri\/wp-json\/wp\/v2\/media?parent=26"}],"curies":[{"name":"wp","href":"https:\/\/api.w.org\/{rel}","templated":true}]}}