{"id":1115,"date":"2024-10-03T09:40:53","date_gmt":"2024-10-03T06:40:53","guid":{"rendered":"https:\/\/www.kustr.org\/kuskayitkomitesi\/?page_id=1115"},"modified":"2024-10-03T09:57:07","modified_gmt":"2024-10-03T06:57:07","slug":"2-ekim-2024-kus-kayit-komitesi-ve-ebird-hakem-heyeti-toplantisi","status":"publish","type":"page","link":"https:\/\/www.kustr.org\/kuskayitkomitesi\/haberler\/2-ekim-2024-kus-kayit-komitesi-ve-ebird-hakem-heyeti-toplantisi\/","title":{"rendered":"2 Ekim 2024 &#8211; Ku\u015f Kay\u0131t Komitesi ve eBird Hakem Heyeti Toplant\u0131s\u0131"},"content":{"rendered":"<p><strong>Ku\u015f Kay\u0131t Komitesi ve eBird Hakem Heyeti Toplant\u0131s\u0131<\/strong><br \/>\n<strong>2 Ekim 2024 \u00c7ar\u015famba, 20:00<\/strong><br \/>\n<strong>Kat\u0131lanlar<\/strong>: Mustafa Erturhan, \u00c7a\u011fan Abbaso\u011flu, Volkan Donbalo\u011flu, Murat Uyman, Mustafa \u00d6zdemir, Kerem Ali Boyla<br \/>\n<strong>Mazeretli<\/strong>: Nizamettin Yavuz, Emin Yo\u011furt\u00e7uo\u011flu<br \/>\n<strong>Kat\u0131lmayanlar<\/strong>: Orhan G\u00fcl, Cemil Gezgin, Kiraz Erciyas, Koray \u00d6zdemir, Mehmet \u00dcnl\u00fc, Umut G\u00fcng\u00f6r<\/p>\n<ol>\n<li><strong>G\u00fcndem Maddeleri:<\/strong><\/li>\n<\/ol>\n<p><strong>Hassas T\u00fcrler<\/strong><br \/>\nHassas t\u00fcr listemiz g\u00fcncellendi ve Cornell Lab\u2019a g\u00f6nderildi. Hen\u00fcz i\u015fleme al\u0131nmad\u0131. KB, bu s\u00fcre i\u00e7indeki tart\u0131\u015fmalar\u0131 \u00f6zetledi. Sonu\u00e7 olarak 18 t\u00fcrden sadece 3 t\u00fcre indirildi: Ulu Do\u011fan, B\u0131y\u0131kl\u0131 Do\u011fan ve Bozk\u0131r Kartal\u0131 (sadece \u00fcreme d\u00f6nemi ve \u0130\u00e7 Anadolu). Ayr\u0131ca bu listede olmayan t\u00fcrler i\u00e7in eBird kullan\u0131c\u0131lar\u0131na, kaydettikleri ku\u015flar\u0131n yasa d\u0131\u015f\u0131 ka\u00e7ak\u00e7\u0131lardan, avc\u0131lardan veya sorumsuz foto\u011fraf\u00e7\u0131lardan nas\u0131l korunaca\u011f\u0131 konusunda eBird\u2019in sitesinde bir payla\u015f\u0131m yap\u0131ld\u0131\u011f\u0131 hat\u0131rlat\u0131ld\u0131.<br \/>\n<strong>Aksiyon<\/strong>: Volkan bu konuda bilgilendirici bir duyuru haz\u0131rlad\u0131. Cornell Lab, nadir t\u00fcr listesini g\u00fcncelledikten sonra duyuru eBird portal\u0131nda payla\u015f\u0131lacak.<\/p>\n<p><strong>Cornell LAB Yaz\u0131\u015fmas\u0131<\/strong><br \/>\nBu yaz\u0131\u015fmada 4 konu ele al\u0131nd\u0131:<\/p>\n<ul>\n<li>G\u00fcncel hassas t\u00fcr listesi g\u00f6nderildi.<\/li>\n<li>Hassas t\u00fcrlerin g\u00fcncel veri seti istendi (Bu t\u00fcrler eBird veri indirmede g\u00f6r\u00fcnm\u00fcyor; dolay\u0131s\u0131yla nadir t\u00fcr kay\u0131tlar\u0131m\u0131zda Mezgeldek vb. t\u00fcrler yer alm\u0131yor).<\/li>\n<li>Merlin Bird ID\u2019ye 10 t\u00fcrl\u00fck ekleme i\u00e7in metin dosyas\u0131 g\u00f6nderildi.<\/li>\n<li>2024 taksonomi g\u00fcncellemesine dair \u00e7al\u0131\u015fmalar\u0131n s\u00fcrd\u00fc\u011f\u00fc belirtildi.<br \/>\nHen\u00fcz yan\u0131t al\u0131nmad\u0131. Ayr\u0131ca daha sonra ekleyece\u011fim baz\u0131 konular var, \u00f6rne\u011fin Volkan\u2019a hotspot hakemi yetkisi verilmesi gibi.<\/li>\n<\/ul>\n<p><strong>Karar Alma Mekanizmas\u0131n\u0131n \u0130yile\u015ftirilmesi<\/strong><br \/>\nNizam\u2019\u0131n \u00f6nerisiyle, toplant\u0131 \u00f6ncesinde tart\u0131\u015f\u0131lacak konular\u0131n payla\u015f\u0131lmas\u0131 ve toplant\u0131da karara ba\u011flanmas\u0131 planland\u0131. Bu uygulama m\u00fcmk\u00fcn oldu\u011funca hayata ge\u00e7irilecek. Toplant\u0131 \u00f6ncesi Pazartesi g\u00fcnleri, g\u00fcndem ve karar al\u0131nacak konular payla\u015f\u0131lacak.<\/p>\n<p><strong>Komite Sitesindeki G\u00fcncellemeler<\/strong><br \/>\nVolkan ile komite web sitesinin temas\u0131 de\u011fi\u015ftirildi. Nadir t\u00fcr listesi, komitenin son 10 y\u0131lda 20\u2019den az kay\u0131t kriterine g\u00f6re g\u00fcncellendi, eksikler tamamland\u0131. Kural d\u0131\u015f\u0131 ancak nadir t\u00fcr listesinde bulunanlar (\u00f6rne\u011fin, K\u00fc\u00e7\u00fck Alt\u0131n Ya\u011fmurcun) da listede tutuldu. Fazlal\u0131k olmas\u0131 sorun de\u011fil, eksik olmas\u0131n diye kararla\u015ft\u0131r\u0131ld\u0131; liste \u00fczerinde sonsuz tart\u0131\u015fma ile vakit kaybedilmemesi hedeflendi.<\/p>\n<p><strong>Nadir T\u00fcr Raporlar\u0131<\/strong><br \/>\n2024 ve 2023 raporlar\u0131 tamamland\u0131. 2020\u2019ye kadar olan raporlar\u0131n ilk kay\u0131tlar\u0131, Volkan taraf\u0131ndan g\u00f6rsellerle birlikte eklendi ve tamamland\u0131. \u00c7a\u011fan m\u00fcsait oldu\u011funda gerisi de tamamlanacak.<br \/>\n<strong>Aksiyon<\/strong>: Tamamland\u0131ktan sonra t\u00fcm camiayla payla\u015f\u0131lacak.<\/p>\n<p><strong>\u015e\u00fcpheli Kay\u0131t De\u011ferlendirmesi<\/strong><br \/>\nOg\u00fcn Ayd\u0131n\u2019\u0131n Tepeli \u015eahin kayd\u0131 \u00f6zelinde bir deneyim ya\u015fand\u0131. Ku\u015fun foto\u011fraf\u0131n\u0131n raw dosyalar\u0131 al\u0131nd\u0131, incelendi ve g\u00f6zlemcinin tek bir g\u00fcn de\u011fil, 6 g\u00fcn boyunca Arhavi\u2019de kald\u0131\u011f\u0131 \u00f6\u011frenildi. Ayr\u0131ca, ayn\u0131 g\u00fcn \u00e7ekilmi\u015f 7 ba\u015fka raw foto\u011fraf incelendi. \u015e\u00fcphe uyand\u0131racak hi\u00e7bir olumsuzluk bulunmad\u0131 ve masumiyet ilkesi esas al\u0131narak kay\u0131t kabul edildi. Bu y\u00f6nteme devam edilecek.<\/p>\n<p><strong>\u00d6n\u00fcm\u00fczdeki Toplant\u0131 i\u00e7in G\u00fcndem \u00d6nerisi<br \/>\n<\/strong>Revize edilecek kay\u0131t say\u0131s\u0131 son filtre g\u00fcncellemesi sonras\u0131 4 binden 6 bine \u00e7\u0131kt\u0131. Bu durumda \u00f6n\u00fcm\u00fczdeki toplant\u0131da ekibin i\u015fleyi\u015fini de\u011ferlendirelim. Nas\u0131l ilerliyoruz bakal\u0131m. Yeni kan gerekiyor mu de\u011ferlendirelim.<\/p>\n","protected":false},"excerpt":{"rendered":"<p>Ku\u015f Kay\u0131t Komitesi ve eBird Hakem Heyeti Toplant\u0131s\u0131 2 Ekim 2024 \u00c7ar\u015famba, 20:00 Kat\u0131lanlar: Mustafa Erturhan, \u00c7a\u011fan Abbaso\u011flu, Volkan Donbalo\u011flu, Murat Uyman, Mustafa \u00d6zdemir, Kerem Ali Boyla Mazeretli: Nizamettin Yavuz, Emin Yo\u011furt\u00e7uo\u011flu Kat\u0131lmayanlar: Orhan G\u00fcl, Cemil Gezgin, Kiraz Erciyas, Koray \u00d6zdemir, Mehmet \u00dcnl\u00fc, Umut G\u00fcng\u00f6r G\u00fcndem Maddeleri: Hassas T\u00fcrler Hassas t\u00fcr listemiz g\u00fcncellendi ve Cornell [&hellip;]<\/p>\n","protected":false},"author":8,"featured_media":0,"parent":243,"menu_order":1,"comment_status":"closed","ping_status":"closed","template":"","meta":{"footnotes":""},"class_list":["post-1115","page","type-page","status-publish","hentry"],"_links":{"self":[{"href":"https:\/\/www.kustr.org\/kuskayitkomitesi\/wp-json\/wp\/v2\/pages\/1115","targetHints":{"allow":["GET"]}}],"collection":[{"href":"https:\/\/www.kustr.org\/kuskayitkomitesi\/wp-json\/wp\/v2\/pages"}],"about":[{"href":"https:\/\/www.kustr.org\/kuskayitkomitesi\/wp-json\/wp\/v2\/types\/page"}],"author":[{"embeddable":true,"href":"https:\/\/www.kustr.org\/kuskayitkomitesi\/wp-json\/wp\/v2\/users\/8"}],"replies":[{"embeddable":true,"href":"https:\/\/www.kustr.org\/kuskayitkomitesi\/wp-json\/wp\/v2\/comments?post=1115"}],"version-history":[{"count":3,"href":"https:\/\/www.kustr.org\/kuskayitkomitesi\/wp-json\/wp\/v2\/pages\/1115\/revisions"}],"predecessor-version":[{"id":1122,"href":"https:\/\/www.kustr.org\/kuskayitkomitesi\/wp-json\/wp\/v2\/pages\/1115\/revisions\/1122"}],"up":[{"embeddable":true,"href":"https:\/\/www.kustr.org\/kuskayitkomitesi\/wp-json\/wp\/v2\/pages\/243"}],"wp:attachment":[{"href":"https:\/\/www.kustr.org\/kuskayitkomitesi\/wp-json\/wp\/v2\/media?parent=1115"}],"curies":[{"name":"wp","href":"https:\/\/api.w.org\/{rel}","templated":true}]}}