{"id":1169,"date":"2025-01-06T08:53:26","date_gmt":"2025-01-06T05:53:26","guid":{"rendered":"https:\/\/www.kustr.org\/kuskayitkomitesi\/?page_id=1169"},"modified":"2025-01-06T09:03:16","modified_gmt":"2025-01-06T06:03:16","slug":"13-kasim-2024-kus-kayit-komitesi-ve-ebird-hakem-heyeti-toplantisi","status":"publish","type":"page","link":"https:\/\/www.kustr.org\/kuskayitkomitesi\/haberler\/13-kasim-2024-kus-kayit-komitesi-ve-ebird-hakem-heyeti-toplantisi\/","title":{"rendered":"13 Kas\u0131m 2024 &#8211; Ku\u015f Kay\u0131t Komitesi ve eBird Hakem Heyeti Toplant\u0131s\u0131"},"content":{"rendered":"<h1><span style=\"font-weight: 400;\">Kat\u0131lanlar<\/span><\/h1>\n<ul>\n<li style=\"font-weight: 400;\" aria-level=\"1\"><span style=\"font-weight: 400;\">Emin Yo\u011furt\u00e7uo\u011flu<\/span><\/li>\n<li style=\"font-weight: 400;\" aria-level=\"1\"><span style=\"font-weight: 400;\">Mustafa Erturhan<\/span><\/li>\n<li style=\"font-weight: 400;\" aria-level=\"1\"><span style=\"font-weight: 400;\">Murat Uyman<\/span><\/li>\n<li style=\"font-weight: 400;\" aria-level=\"1\"><span style=\"font-weight: 400;\">Nizamettin Yavuz<\/span><\/li>\n<li style=\"font-weight: 400;\" aria-level=\"1\"><span style=\"font-weight: 400;\">Cemil Gezgin<\/span><\/li>\n<li style=\"font-weight: 400;\" aria-level=\"1\"><span style=\"font-weight: 400;\">Volkan Donbalo\u011flu<\/span><\/li>\n<li style=\"font-weight: 400;\" aria-level=\"1\"><span style=\"font-weight: 400;\">\u00c7a\u011fan Abbaso\u011flu<\/span><\/li>\n<\/ul>\n<h2><span style=\"font-weight: 400;\">Mazeretli:<\/span><\/h2>\n<ul>\n<li style=\"font-weight: 400;\" aria-level=\"1\"><span style=\"font-weight: 400;\">Mustafa \u00d6zdemir<\/span><\/li>\n<li style=\"font-weight: 400;\" aria-level=\"1\"><span style=\"font-weight: 400;\">Orhan G\u00fcl<\/span><\/li>\n<\/ul>\n<h1><span style=\"font-weight: 400;\">G\u00fcndem Maddeleri<\/span><\/h1>\n<ul>\n<li style=\"font-weight: 400;\" aria-level=\"1\"><span style=\"font-weight: 400;\">Nadir t\u00fcrlerin Onaylanmas\u0131<\/span><\/li>\n<li style=\"font-weight: 400;\" aria-level=\"1\"><span style=\"font-weight: 400;\">Listede y\u00fckselmek i\u00e7in yeni t\u00fcr ekleme stratejisini durdurma<\/span><\/li>\n<\/ul>\n<h1><span style=\"font-weight: 400;\">Konu\u015fulanlar<\/span><\/h1>\n<ul>\n<li style=\"font-weight: 400;\" aria-level=\"1\"><span style=\"font-weight: 400;\">Nadir t\u00fcrlerin de\u011ferlendirilmesinde ge\u00e7 kal\u0131yoruz. Kabul veya red cevab\u0131 vermiyoruz; bu yakla\u015f\u0131m\u0131 de\u011fi\u015ftirmemiz gerekiyor (KB).<\/span><\/li>\n<li style=\"font-weight: 400;\" aria-level=\"1\"><span style=\"font-weight: 400;\">G\u00f6zlemcilerin, listede y\u00fckselmek i\u00e7in g\u00f6rmedikleri t\u00fcrleri bildirme e\u011filiminde olduklar\u0131n\u0131 d\u00fc\u015f\u00fcn\u00fcyorum (KB).<\/span><\/li>\n<li style=\"font-weight: 400;\" aria-level=\"1\"><span style=\"font-weight: 400;\">\u0130nceleme karar\u0131 bekleyen ba\u015fka t\u00fcrler de var, Atlas Kuyrukkakan\u0131 ve Ak Ta\u00e7l\u0131 \u00c7ulhaku\u015fu gibi (VD).<\/span><\/li>\n<li style=\"font-weight: 400;\" aria-level=\"1\"><span style=\"font-weight: 400;\">Bunun i\u00e7in bu ki\u015fileri kara listeye alabilir miyiz? eBird rehberleri bu yakla\u015f\u0131m\u0131 \u00f6neriyor (VD).<\/span><\/li>\n<li style=\"font-weight: 400;\" aria-level=\"1\"><span style=\"font-weight: 400;\">Di\u011fer komitelerin nas\u0131l davrand\u0131\u011f\u0131n\u0131 \u00f6\u011frenmek faydal\u0131 olabilir (EY).<\/span><\/li>\n<li style=\"font-weight: 400;\" aria-level=\"1\"><span style=\"font-weight: 400;\">Kara liste yap\u0131lacaksa bunu duyurmak gerekiyor; b\u00f6ylece sistemin nas\u0131l i\u015fledi\u011fini herkes anlar ve e\u011filimli olanlar da haberdar olur (EY).<\/span><\/li>\n<li style=\"font-weight: 400;\" aria-level=\"1\"><span style=\"font-weight: 400;\">Bir bilgilendirme e-postas\u0131 yazabilirim (VD).<\/span><\/li>\n<li style=\"font-weight: 400;\" aria-level=\"1\"><span style=\"font-weight: 400;\">Ben de kontrol ederim (EY).<\/span><\/li>\n<li style=\"font-weight: 400;\" aria-level=\"1\"><span style=\"font-weight: 400;\">Ki\u015finin onaylanmayan kay\u0131tlar\u0131n\u0131n listede g\u00f6r\u00fcnmemesi sa\u011flanmal\u0131 (NY).<\/span><\/li>\n<li style=\"font-weight: 400;\" aria-level=\"1\"><span style=\"font-weight: 400;\">Yap\u0131lan oylama sonucunda \u00e7o\u011funluk, kabul edilmeyen kay\u0131tlar\u0131n ki\u015fisel listelerde g\u00f6r\u00fcnmemesini sa\u011flama y\u00f6n\u00fcnde (NY).<\/span><\/li>\n<li style=\"font-weight: 400;\" aria-level=\"1\"><span style=\"font-weight: 400;\">\u00d6te yandan, ki\u015finin kay\u0131tlar\u0131 kabul edilmese de kertik listesinde g\u00f6r\u00fcn\u00fcyor (NY).<\/span><\/li>\n<li style=\"font-weight: 400;\" aria-level=\"1\"><span style=\"font-weight: 400;\">Not: B\u00fcy\u00fck Korsanmart\u0131 kayd\u0131 hen\u00fcz kabul edilmedi veya red edilmedi.<\/span><\/li>\n<li style=\"font-weight: 400;\" aria-level=\"1\"><span style=\"font-weight: 400;\">O halde komite olarak \u00f6nce onaylama karar\u0131 almam\u0131z gerekiyor (KB).<\/span><\/li>\n<li style=\"font-weight: 400;\" aria-level=\"1\"><span style=\"font-weight: 400;\">Onayland\u0131, kabul edildi.<\/span><\/li>\n<li style=\"font-weight: 400;\" aria-level=\"1\"><span style=\"font-weight: 400;\">Di\u011fer kay\u0131tlar\u0131 onaylamad\u0131ktan sonra reddedilecek.<\/span><\/li>\n<\/ul>\n","protected":false},"excerpt":{"rendered":"<p>Kat\u0131lanlar Emin Yo\u011furt\u00e7uo\u011flu Mustafa Erturhan Murat Uyman Nizamettin Yavuz Cemil Gezgin Volkan Donbalo\u011flu \u00c7a\u011fan Abbaso\u011flu Mazeretli: Mustafa \u00d6zdemir Orhan G\u00fcl G\u00fcndem Maddeleri Nadir t\u00fcrlerin Onaylanmas\u0131 Listede y\u00fckselmek i\u00e7in yeni t\u00fcr ekleme stratejisini durdurma Konu\u015fulanlar Nadir t\u00fcrlerin de\u011ferlendirilmesinde ge\u00e7 kal\u0131yoruz. Kabul veya red cevab\u0131 vermiyoruz; bu yakla\u015f\u0131m\u0131 de\u011fi\u015ftirmemiz gerekiyor (KB). G\u00f6zlemcilerin, listede y\u00fckselmek i\u00e7in g\u00f6rmedikleri t\u00fcrleri [&hellip;]<\/p>\n","protected":false},"author":8,"featured_media":0,"parent":243,"menu_order":2,"comment_status":"closed","ping_status":"closed","template":"","meta":{"footnotes":""},"class_list":["post-1169","page","type-page","status-publish","hentry"],"_links":{"self":[{"href":"https:\/\/www.kustr.org\/kuskayitkomitesi\/wp-json\/wp\/v2\/pages\/1169","targetHints":{"allow":["GET"]}}],"collection":[{"href":"https:\/\/www.kustr.org\/kuskayitkomitesi\/wp-json\/wp\/v2\/pages"}],"about":[{"href":"https:\/\/www.kustr.org\/kuskayitkomitesi\/wp-json\/wp\/v2\/types\/page"}],"author":[{"embeddable":true,"href":"https:\/\/www.kustr.org\/kuskayitkomitesi\/wp-json\/wp\/v2\/users\/8"}],"replies":[{"embeddable":true,"href":"https:\/\/www.kustr.org\/kuskayitkomitesi\/wp-json\/wp\/v2\/comments?post=1169"}],"version-history":[{"count":2,"href":"https:\/\/www.kustr.org\/kuskayitkomitesi\/wp-json\/wp\/v2\/pages\/1169\/revisions"}],"predecessor-version":[{"id":1173,"href":"https:\/\/www.kustr.org\/kuskayitkomitesi\/wp-json\/wp\/v2\/pages\/1169\/revisions\/1173"}],"up":[{"embeddable":true,"href":"https:\/\/www.kustr.org\/kuskayitkomitesi\/wp-json\/wp\/v2\/pages\/243"}],"wp:attachment":[{"href":"https:\/\/www.kustr.org\/kuskayitkomitesi\/wp-json\/wp\/v2\/media?parent=1169"}],"curies":[{"name":"wp","href":"https:\/\/api.w.org\/{rel}","templated":true}]}}