{"id":1175,"date":"2025-01-06T09:06:02","date_gmt":"2025-01-06T06:06:02","guid":{"rendered":"https:\/\/www.kustr.org\/kuskayitkomitesi\/?page_id=1175"},"modified":"2025-01-06T09:06:02","modified_gmt":"2025-01-06T06:06:02","slug":"18-aralik-2024-kus-kayit-komitesi-ve-ebird-hakem-heyeti-toplantisi","status":"publish","type":"page","link":"https:\/\/www.kustr.org\/kuskayitkomitesi\/haberler\/18-aralik-2024-kus-kayit-komitesi-ve-ebird-hakem-heyeti-toplantisi\/","title":{"rendered":"18 Aral\u0131k 2024 &#8211; Ku\u015f Kay\u0131t Komitesi ve eBird Hakem Heyeti Toplant\u0131s\u0131"},"content":{"rendered":"<p><b>Kat\u0131lanlar:<\/b><b><br \/>\n<\/b><span style=\"font-weight: 400;\">Volkan, Kerem, Nizam, \u00c7a\u011fan, Orhan, Murat, Mustafa<\/span><\/p>\n<p><span style=\"font-weight: 400;\">Ge\u00e7en Haftan\u0131n Konular\u0131<\/span><\/p>\n<ul>\n<li style=\"font-weight: 400;\" aria-level=\"1\"><span style=\"font-weight: 400;\">Kara ba\u015fl\u0131 \u00e7ulha kay\u0131tlar\u0131.<\/span><\/li>\n<li style=\"font-weight: 400;\" aria-level=\"1\"><span style=\"font-weight: 400;\">Peter Castell taraf\u0131ndan yap\u0131lan yumurta foto\u011fraflar\u0131 sunumu.<\/span><\/li>\n<li style=\"font-weight: 400;\" aria-level=\"1\"><span style=\"font-weight: 400;\">Bir sonraki toplant\u0131n\u0131n tarihi: <\/span><b>2 Ocak 2025 Per\u015fembe<\/b><span style=\"font-weight: 400;\"> (Y\u0131lba\u015f\u0131 nedeniyle normal g\u00fcn\u00fcn bir sonras\u0131).<\/span><\/li>\n<\/ul>\n<h3><b>G\u00f6r\u00fc\u015f ve De\u011ferlendirmeler<\/b><\/h3>\n<p><b>Kerem:<\/b><\/p>\n<ul>\n<li style=\"font-weight: 400;\" aria-level=\"1\"><span style=\"font-weight: 400;\">2024 y\u0131l\u0131nda yap\u0131lanlar\u0131 k\u0131saca \u00f6zetlemek gerekirse, toplant\u0131lar\u0131 d\u00fczenli hale getirdik. Sadece bir toplant\u0131y\u0131 atlad\u0131k. S\u00fcre ve saat konusunda disiplin sa\u011fland\u0131.<\/span><\/li>\n<li style=\"font-weight: 400;\" aria-level=\"1\"><span style=\"font-weight: 400;\">Toplant\u0131 notlar\u0131 tutuluyordu fakat son zamanlarda bu konuda eksiklik ya\u015fand\u0131.<\/span><\/li>\n<li style=\"font-weight: 400;\" aria-level=\"1\"><span style=\"font-weight: 400;\">Komite ile hakem heyeti aras\u0131ndaki sorumluluk s\u0131n\u0131rlar\u0131n\u0131 tekrar hat\u0131rlatmak gerekiyor. Hakem heyeti t\u00fcm kay\u0131tlar\u0131 d\u00fczenlerken komite, nadir t\u00fcrler listesindeki kay\u0131tlarla ilgileniyor.<\/span><\/li>\n<\/ul>\n<p><b>Mustafa:<\/b><\/p>\n<ul>\n<li style=\"font-weight: 400;\" aria-level=\"1\"><span style=\"font-weight: 400;\">Genel olarak \u00e7ok ba\u015far\u0131l\u0131 olmad\u0131\u011f\u0131m\u0131z\u0131 d\u00fc\u015f\u00fcn\u00fcyorum. 6000 kay\u0131t var ve bir t\u00fcrl\u00fc bu say\u0131y\u0131 azaltam\u0131yoruz.<\/span><\/li>\n<li style=\"font-weight: 400;\" aria-level=\"1\"><span style=\"font-weight: 400;\">Bu say\u0131n\u0131n 200 kay\u0131t civar\u0131nda tutulmas\u0131 gerekiyor. Daha fazla destek verilirse yard\u0131mc\u0131 olabilirim. Bilgisayar ba\u015f\u0131nda \u00e7al\u0131\u015f\u0131yorum ve destek olmaya haz\u0131r\u0131m.<\/span><\/li>\n<\/ul>\n<p><b>Kerem:<\/b><\/p>\n<ul>\n<li style=\"font-weight: 400;\" aria-level=\"1\"><span style=\"font-weight: 400;\">Yetki ve filtreleme yetkisi tek bir ki\u015fiye verilmelidir. Orhan, bu sorumlulu\u011fu sen mi \u00fcstleneceksin?<\/span><\/li>\n<\/ul>\n<p><b>Orhan:<\/b><\/p>\n<ul>\n<li style=\"font-weight: 400;\" aria-level=\"1\"><span style=\"font-weight: 400;\">Evet, ben \u00fcstlenebilirim. Bu yetkilerin bir veya iki ki\u015fiyle s\u0131n\u0131rl\u0131 olmas\u0131 ve veri g\u00fcvenli\u011finin sa\u011flanmas\u0131 \u00f6nemli.<\/span><\/li>\n<\/ul>\n<p><b>Kerem:<\/b><\/p>\n<ul>\n<li style=\"font-weight: 400;\" aria-level=\"1\"><span style=\"font-weight: 400;\">O zaman Orhan, Murat ile bu konuda \u00e7al\u0131\u015fabilirsiniz. Di\u011fer b\u00f6lgelere de bu i\u015fi yayarsak harika olur.<\/span><\/li>\n<\/ul>\n<p><b>\u00c7a\u011fan:<\/b><\/p>\n<ul>\n<li style=\"font-weight: 400;\" aria-level=\"1\"><span style=\"font-weight: 400;\">Bazen kay\u0131tlar\u0131 inceliyorum ama yan\u0131t alam\u0131yorum. Bu durumda ne yapmam\u0131z gerekiyor?<\/span><\/li>\n<\/ul>\n<p><b>Mustafa:<\/b><\/p>\n<ul>\n<li style=\"font-weight: 400;\" aria-level=\"1\"><span style=\"font-weight: 400;\">T\u00fcm kay\u0131tlarla u\u011fra\u015facak enerjimiz ve vaktimiz yok. Cevap alamad\u0131\u011f\u0131m\u0131z kay\u0131tlar bloke edilip bekletilebilir.<\/span><\/li>\n<\/ul>\n<p><b>Nizam:<\/b><\/p>\n<ul>\n<li style=\"font-weight: 400;\" aria-level=\"1\"><span style=\"font-weight: 400;\">2020 y\u0131l\u0131nda Orhan sekreterlik g\u00f6revinin yan\u0131nda nadir t\u00fcr kay\u0131tlar\u0131n\u0131n de\u011ferlendirme s\u00fcrecini takip ediyordu. O d\u00f6nemde \u00e7ok daha etkiliydik.<\/span><\/li>\n<\/ul>\n<p><b>Orhan:<\/b><\/p>\n<ul>\n<li style=\"font-weight: 400;\" aria-level=\"1\"><span style=\"font-weight: 400;\">O zaman daha aktif \u00e7al\u0131\u015f\u0131yordum ancak \u015fu an \u00e7ok fazla i\u015f var. Bu i\u015flerin kolayla\u015ft\u0131r\u0131lmas\u0131 gerekiyor. Bir uygulama olu\u015fturmak bu s\u00fcreci h\u0131zland\u0131rabilir.<\/span><\/li>\n<li style=\"font-weight: 400;\" aria-level=\"1\"><span style=\"font-weight: 400;\">De\u011ferlendirme s\u00fcrecimiz h\u0131zl\u0131 olmal\u0131. Eksik yap\u0131lan \u00e7al\u0131\u015fmalar nedeniyle performans\u0131m\u0131z olumsuz alg\u0131lan\u0131yor. Oysa yapt\u0131klar\u0131m\u0131z\u0131 de\u011fil, yapamad\u0131klar\u0131m\u0131z\u0131n bizi \u00f6ne \u00e7\u0131kard\u0131\u011f\u0131n\u0131 g\u00f6rmeliyiz.<\/span><\/li>\n<\/ul>\n<p><b>Murat:<\/b><\/p>\n<ul>\n<li style=\"font-weight: 400;\" aria-level=\"1\"><span style=\"font-weight: 400;\">2016 \u00f6ncesi kay\u0131tlar\u0131 nas\u0131l de\u011ferlendirece\u011fiz? Baz\u0131 kay\u0131tlar\u0131n detaylar\u0131 eksik ve bu bir sorun. Eski kay\u0131tlar\u0131 h\u0131zl\u0131ca \u00e7\u00f6zmeliyiz.<\/span><\/li>\n<\/ul>\n<p><b>Orhan:<\/b><\/p>\n<ul>\n<li style=\"font-weight: 400;\" aria-level=\"1\"><span style=\"font-weight: 400;\">2000 \u00f6ncesindeki kay\u0131tlarda y\u00fcksek say\u0131lar var. Bu konuda ayr\u0131 bir toplant\u0131 yap\u0131lmal\u0131 ve tecr\u00fcbeli ki\u015filerle bu kay\u0131tlar\u0131 h\u0131zl\u0131ca de\u011ferlendirmeliyiz.<\/span><\/li>\n<\/ul>\n<p><b>Volkan:<\/b><\/p>\n<ul>\n<li style=\"font-weight: 400;\" aria-level=\"1\"><span style=\"font-weight: 400;\">PowerBI uygulamalar\u0131 geli\u015ftirerek hangi verilerin de\u011ferlendirildi\u011fini ve bu s\u00fcreci raporlayabilirim.<\/span><\/li>\n<\/ul>\n<p><b>Orhan:<\/b><\/p>\n<ul>\n<li style=\"font-weight: 400;\" aria-level=\"1\"><span style=\"font-weight: 400;\">En \u00e7ok kay\u0131t giren ki\u015fileri model olarak belirleyelim. Bu ki\u015filerin eBird&#8217;\u00fc daha etkili kullanmas\u0131n\u0131 sa\u011flarsak di\u011ferlerine de \u00f6rnek olabilir.<\/span><\/li>\n<\/ul>\n<p><b>Kerem:<\/b><\/p>\n<ul>\n<li style=\"font-weight: 400;\" aria-level=\"1\"><span style=\"font-weight: 400;\">Komiteye yeni ki\u015filer gelecek mi?<\/span><\/li>\n<\/ul>\n<p><b>Orhan:<\/b><\/p>\n<ul>\n<li style=\"font-weight: 400;\" aria-level=\"1\"><span style=\"font-weight: 400;\">Evet, Volkan ve Cemil komiteye al\u0131nacak. Bunun duyurusunu yapaca\u011f\u0131m.<\/span><\/li>\n<\/ul>\n<p><b>Nizam:<\/b><\/p>\n<ul>\n<li style=\"font-weight: 400;\" aria-level=\"1\"><span style=\"font-weight: 400;\">Hi\u00e7 toplant\u0131lara kat\u0131lmayan ki\u015filerle ne yapaca\u011f\u0131z?<\/span><\/li>\n<\/ul>\n<p><b>Kerem:<\/b><\/p>\n<ul>\n<li style=\"font-weight: 400;\" aria-level=\"1\"><span style=\"font-weight: 400;\">Toplant\u0131larda not al\u0131yorum ancak bu notlar \u015fu ana kadar aksiyona d\u00f6nmedi. Bundan sonra daha dikkatli olmam\u0131z gerekiyor.<\/span><\/li>\n<\/ul>\n<p><b>Mustafa:<\/b><\/p>\n<ul>\n<li style=\"font-weight: 400;\" aria-level=\"1\"><span style=\"font-weight: 400;\">Umut G\u00fcng\u00f6r ve Mustafa \u00d6zdemir toplant\u0131lara kat\u0131lm\u0131yor. Ancak Mustafa \u00d6zdemir hotspot edit\u00f6r\u00fc olarak \u00e7al\u0131\u015f\u0131yor.<\/span><\/li>\n<\/ul>\n<p><span style=\"font-weight: 400;\">Sonu\u00e7 kararlar\u0131:<\/span><\/p>\n<ul>\n<li aria-level=\"1\"><b>2025 y\u0131l\u0131 \u00f6nceli\u011fi kay\u0131t de\u011ferlendirme olacak<\/b><\/li>\n<\/ul>\n<ol>\n<li style=\"list-style-type: none;\">\n<ol>\n<li style=\"font-weight: 400;\" aria-level=\"2\"><span style=\"font-weight: 400;\">Bunun i\u00e7in komite i\u00e7inde ana kay\u0131t s\u00fcrecini 1-3 g\u00fcne d\u00fc\u015f\u00fcrecek bir sistem kurulacak hedef bu<\/span><\/li>\n<li style=\"font-weight: 400;\" aria-level=\"2\"><span style=\"font-weight: 400;\">Bunu i\u00e7in eskiden Orhan ba\u015fkan olarak g\u00f6rev yap\u0131yordu, \u015fimdi bir g\u00f6revli al\u0131nacak<\/span><\/li>\n<li style=\"font-weight: 400;\" aria-level=\"2\"><span style=\"font-weight: 400;\">Murat\u2019a daha fazla alan verilecek (Orhan)<\/span><\/li>\n<li style=\"font-weight: 400;\" aria-level=\"2\"><span style=\"font-weight: 400;\">Bunun i\u00e7in bir uygulama geli\u015ftirilebilir (\u00f6z param\u0131zla veya sermayemizle)<\/span><\/li>\n<li style=\"font-weight: 400;\" aria-level=\"2\"><span style=\"font-weight: 400;\">Ayr\u0131ca ne kadar kay\u0131t d\u00fczenlendi\u011fi Powerbi sistemiyle denetlenebilir (Volkan)<\/span><\/li>\n<\/ol>\n<\/li>\n<li style=\"font-weight: 400;\" aria-level=\"1\"><span style=\"font-weight: 400;\">K<\/span><b>omite g\u00fc\u00e7lenecek<\/b>\n<ol>\n<li style=\"font-weight: 400;\" aria-level=\"2\"><span style=\"font-weight: 400;\">Komite \u00fcyelerinden Volkan ve Cemil dahil edilecek<\/span><\/li>\n<li style=\"font-weight: 400;\" aria-level=\"2\"><span style=\"font-weight: 400;\">Bunun d\u0131\u015f\u0131nda aktif ki\u015fileri hakem heyetine alaca\u011f\u0131z<\/span><\/li>\n<li style=\"font-weight: 400;\" aria-level=\"2\"><span style=\"font-weight: 400;\">Toplant\u0131lara kat\u0131lmayanlar ve etkili olmayanlar \u00e7\u0131kar\u0131lacak<\/span><\/li>\n<\/ol>\n<\/li>\n<\/ol>\n","protected":false},"excerpt":{"rendered":"<p>Kat\u0131lanlar: Volkan, Kerem, Nizam, \u00c7a\u011fan, Orhan, Murat, Mustafa Ge\u00e7en Haftan\u0131n Konular\u0131 Kara ba\u015fl\u0131 \u00e7ulha kay\u0131tlar\u0131. Peter Castell taraf\u0131ndan yap\u0131lan yumurta foto\u011fraflar\u0131 sunumu. Bir sonraki toplant\u0131n\u0131n tarihi: 2 Ocak 2025 Per\u015fembe (Y\u0131lba\u015f\u0131 nedeniyle normal g\u00fcn\u00fcn bir sonras\u0131). G\u00f6r\u00fc\u015f ve De\u011ferlendirmeler Kerem: 2024 y\u0131l\u0131nda yap\u0131lanlar\u0131 k\u0131saca \u00f6zetlemek gerekirse, toplant\u0131lar\u0131 d\u00fczenli hale getirdik. Sadece bir toplant\u0131y\u0131 atlad\u0131k. S\u00fcre [&hellip;]<\/p>\n","protected":false},"author":8,"featured_media":0,"parent":243,"menu_order":3,"comment_status":"closed","ping_status":"closed","template":"","meta":{"footnotes":""},"class_list":["post-1175","page","type-page","status-publish","hentry"],"_links":{"self":[{"href":"https:\/\/www.kustr.org\/kuskayitkomitesi\/wp-json\/wp\/v2\/pages\/1175","targetHints":{"allow":["GET"]}}],"collection":[{"href":"https:\/\/www.kustr.org\/kuskayitkomitesi\/wp-json\/wp\/v2\/pages"}],"about":[{"href":"https:\/\/www.kustr.org\/kuskayitkomitesi\/wp-json\/wp\/v2\/types\/page"}],"author":[{"embeddable":true,"href":"https:\/\/www.kustr.org\/kuskayitkomitesi\/wp-json\/wp\/v2\/users\/8"}],"replies":[{"embeddable":true,"href":"https:\/\/www.kustr.org\/kuskayitkomitesi\/wp-json\/wp\/v2\/comments?post=1175"}],"version-history":[{"count":1,"href":"https:\/\/www.kustr.org\/kuskayitkomitesi\/wp-json\/wp\/v2\/pages\/1175\/revisions"}],"predecessor-version":[{"id":1176,"href":"https:\/\/www.kustr.org\/kuskayitkomitesi\/wp-json\/wp\/v2\/pages\/1175\/revisions\/1176"}],"up":[{"embeddable":true,"href":"https:\/\/www.kustr.org\/kuskayitkomitesi\/wp-json\/wp\/v2\/pages\/243"}],"wp:attachment":[{"href":"https:\/\/www.kustr.org\/kuskayitkomitesi\/wp-json\/wp\/v2\/media?parent=1175"}],"curies":[{"name":"wp","href":"https:\/\/api.w.org\/{rel}","templated":true}]}}