{"id":1178,"date":"2025-01-06T09:07:10","date_gmt":"2025-01-06T06:07:10","guid":{"rendered":"https:\/\/www.kustr.org\/kuskayitkomitesi\/?page_id=1178"},"modified":"2025-01-06T09:07:10","modified_gmt":"2025-01-06T06:07:10","slug":"2-ocak-2025-kus-kayit-komitesi-ve-ebird-hakem-heyeti-toplantisi","status":"publish","type":"page","link":"https:\/\/www.kustr.org\/kuskayitkomitesi\/haberler\/2-ocak-2025-kus-kayit-komitesi-ve-ebird-hakem-heyeti-toplantisi\/","title":{"rendered":"2 Ocak 2025 &#8211; Ku\u015f Kay\u0131t Komitesi ve eBird Hakem Heyeti Toplant\u0131s\u0131"},"content":{"rendered":"<p><b>Kat\u0131lanlar: <\/b><span style=\"font-weight: 400;\">Volkan D, Emin Y, Murat U, Mustafa E, Cemil Gezgin<\/span><\/p>\n<p><span style=\"font-weight: 400;\">Mazeretliler: \u00c7a\u011fan A, Orhan G, Nizamettin Yavuz.<\/span><\/p>\n<p><span style=\"font-weight: 400;\">Kat\u0131lamayanlar: U G<\/span><\/p>\n<h3><b>G\u00f6r\u00fc\u015f ve De\u011ferlendirmeler<\/b><\/h3>\n<p><span style=\"font-weight: 400;\">2025 y\u0131l\u0131 kay\u0131t de\u011ferlendirme y\u0131l\u0131 ilan edildi. Bu konudaki ilk \u00e7al\u0131\u015fmalar \u015fu \u015fekilde.<\/span><\/p>\n<p>&nbsp;<\/p>\n<p><span style=\"font-weight: 400;\">Eski kay\u0131tlardan Amur Do\u011fan\u0131 kayd\u0131n\u0131 konu\u015ftuk, bu kayd\u0131 Guy Kirwan\u2019a soraca\u011f\u0131z. Ayr\u0131ca Benekli D\u00fcd\u00fck\u00e7\u00fcn ile ilgili bir kay\u0131t var. K\u0131br\u0131sl\u0131 bir ku\u015f g\u00f6zlemcisi taraf\u0131ndan \u00e7ekilen bir foto\u011fraf\u0131n, sonradan bu t\u00fcre ait oldu\u011fu anla\u015f\u0131lm\u0131\u015f.<\/span><\/p>\n<p><span style=\"font-weight: 400;\">Alper Y\u0131lmaz bir veri \u00e7al\u0131\u015fmas\u0131 yapt\u0131. Kendisi, bir sonraki toplant\u0131ya davet edilerek \u00e7al\u0131\u015fmalar\u0131n\u0131 anlatacak. Kay\u0131tlar\u0131n b\u00fcy\u00fck bir k\u0131sm\u0131 birka\u00e7 ki\u015fiye ait: Berkin, Alper T\u00fcyde\u015f, Ferit ve Kadri. Bu ki\u015filerle s\u0131ras\u0131yla Mustafa E., Murat U., Emin Y. ve Murat U. ilgilenecek.<\/span><\/p>\n<p><span style=\"font-weight: 400;\">Volkan\u2019\u0131n \u00f6nerisiyle, Ey\u00fcp ve Fatih \u015eim\u015fek\u2019in 54 kay\u0131t i\u00e7eren \u00e7al\u0131\u015fmas\u0131 de\u011ferlendirildi. Bu kay\u0131tlar\u0131n, Do\u011fa Derne\u011fi\u2019nin organize etti\u011fi ve Bulgarlar\u0131n kat\u0131l\u0131m\u0131yla yap\u0131lan y\u0131rt\u0131c\u0131 ku\u015f say\u0131mlar\u0131 s\u0131ras\u0131nda topland\u0131\u011f\u0131 biliniyor. Bu kay\u0131tlar kabul edilecek.<\/span><\/p>\n<p><span style=\"font-weight: 400;\">Bu arada son iki haftadaki komite ve hakem heyeti gruplar\u0131ndaki t\u00fcm WhatsApp yaz\u0131\u015fmalar\u0131n\u0131 Murat Uyman bu toplant\u0131 i\u00e7in toplad\u0131, kendisine te\u015fekk\u00fcr ederim.<\/span><\/p>\n<p><span style=\"font-weight: 400;\">Toplant\u0131lara kat\u0131lamayan Umut G\u00fcng\u00f6r\u2019\u00fcn komiteden \u00e7\u0131kar\u0131lmas\u0131 uygun g\u00f6r\u00fcld\u00fc.<\/span><\/p>\n<p><span style=\"font-weight: 400;\">\u0130ki hafta sonra, rutin \u00e7ar\u015famba g\u00fcn\u00fc g\u00f6r\u00fc\u015fmek \u00fczere.<\/span><\/p>\n","protected":false},"excerpt":{"rendered":"<p>Kat\u0131lanlar: Volkan D, Emin Y, Murat U, Mustafa E, Cemil Gezgin Mazeretliler: \u00c7a\u011fan A, Orhan G, Nizamettin Yavuz. Kat\u0131lamayanlar: U G G\u00f6r\u00fc\u015f ve De\u011ferlendirmeler 2025 y\u0131l\u0131 kay\u0131t de\u011ferlendirme y\u0131l\u0131 ilan edildi. Bu konudaki ilk \u00e7al\u0131\u015fmalar \u015fu \u015fekilde. &nbsp; Eski kay\u0131tlardan Amur Do\u011fan\u0131 kayd\u0131n\u0131 konu\u015ftuk, bu kayd\u0131 Guy Kirwan\u2019a soraca\u011f\u0131z. Ayr\u0131ca Benekli D\u00fcd\u00fck\u00e7\u00fcn ile ilgili bir [&hellip;]<\/p>\n","protected":false},"author":8,"featured_media":0,"parent":243,"menu_order":4,"comment_status":"closed","ping_status":"closed","template":"","meta":{"footnotes":""},"class_list":["post-1178","page","type-page","status-publish","hentry"],"_links":{"self":[{"href":"https:\/\/www.kustr.org\/kuskayitkomitesi\/wp-json\/wp\/v2\/pages\/1178","targetHints":{"allow":["GET"]}}],"collection":[{"href":"https:\/\/www.kustr.org\/kuskayitkomitesi\/wp-json\/wp\/v2\/pages"}],"about":[{"href":"https:\/\/www.kustr.org\/kuskayitkomitesi\/wp-json\/wp\/v2\/types\/page"}],"author":[{"embeddable":true,"href":"https:\/\/www.kustr.org\/kuskayitkomitesi\/wp-json\/wp\/v2\/users\/8"}],"replies":[{"embeddable":true,"href":"https:\/\/www.kustr.org\/kuskayitkomitesi\/wp-json\/wp\/v2\/comments?post=1178"}],"version-history":[{"count":1,"href":"https:\/\/www.kustr.org\/kuskayitkomitesi\/wp-json\/wp\/v2\/pages\/1178\/revisions"}],"predecessor-version":[{"id":1179,"href":"https:\/\/www.kustr.org\/kuskayitkomitesi\/wp-json\/wp\/v2\/pages\/1178\/revisions\/1179"}],"up":[{"embeddable":true,"href":"https:\/\/www.kustr.org\/kuskayitkomitesi\/wp-json\/wp\/v2\/pages\/243"}],"wp:attachment":[{"href":"https:\/\/www.kustr.org\/kuskayitkomitesi\/wp-json\/wp\/v2\/media?parent=1178"}],"curies":[{"name":"wp","href":"https:\/\/api.w.org\/{rel}","templated":true}]}}