{"id":245,"date":"2017-12-28T00:26:00","date_gmt":"2017-12-27T22:26:00","guid":{"rendered":"http:\/\/www.kustr.org\/kuskayitkomitesi\/?page_id=245"},"modified":"2024-10-16T21:18:28","modified_gmt":"2024-10-16T18:18:28","slug":"nadir-turler","status":"publish","type":"page","link":"https:\/\/www.kustr.org\/kuskayitkomitesi\/nadir-turler\/","title":{"rendered":"Nadir T\u00fcrler"},"content":{"rendered":"<ul>\n<li>A\u015fa\u011f\u0131daki listede s\u0131ralanan ku\u015f t\u00fcrleri, T\u00fcrkiye&#8217;de bilinen kay\u0131t say\u0131s\u0131 25&#8217;ten az olan nadir ve rastlant\u0131sal ku\u015f t\u00fcrlerini kapsamaktad\u0131r.<\/li>\n<\/ul>\n<ol>\n<li><b>Tayga Kaz\u0131<\/b>, <i>Anser fabalis<\/i>, Taiga Bean-Goose<\/li>\n<li><b>Tundra Kaz\u0131<\/b>, <i>Anser serrirostris<\/i>, Tundra Bean-Goose<\/li>\n<li><b>Yosun Kaz\u0131<\/b>, <i>Branta bernicla<\/i>, Brant<\/li>\n<li><b>Ak Yanakl\u0131 Kaz<\/b>, <i>Branta leucopsis<\/i>, Barnacle Goose<\/li>\n<li><b>B\u00fcy\u00fck \u00dcveyik<\/b>, <i>Streptopelia orientalis<\/i>, Oriental Turtle-Dove<\/li>\n<li><b>Pa\u00e7al\u0131 Ba\u011f\u0131rtlak<\/b>, <i>Syrrhaptes paradoxus<\/i>, Pallas&#8217;s Sandgrouse<\/li>\n<li><b>Benekli Ba\u011f\u0131rtlak<\/b>, <i>Pterocles senegallus<\/i>, Spotted Sandgrouse<\/li>\n<li><b>Asya Yakal\u0131 Toyu<\/b>, <i>Chlamydotis macqueenii<\/i>, Macqueen&#8217;s Bustard<\/li>\n<li><b>\u00c7\u00f6l \u00c7obanaldatan\u0131<\/b>, <i>Caprimulgus aegyptius<\/i>, Egyptian Nightjar<\/li>\n<li><b>K\u00fc\u00e7\u00fck Sazhorozu<\/b>, <i>Porphyrio alleni<\/i>, Allen&#8217;s Gallinule<\/li>\n<li><b>\u00c7izgili Yelve<\/b>, <i>Amaurornis marginalis<\/i>, Striped Crake<\/li>\n<li><b>Ak Turna<\/b>, <i>Leucogeranus leucogeranus<\/i>, Siberian Crane<\/li>\n<li><b>Amerika Alt\u0131n Ya\u011fmurcunu<\/b>, <i>Pluvialis dominica<\/i>, American Golden-Plover<\/li>\n<li><b>K\u00fc\u00e7\u00fck Alt\u0131n Ya\u011fmurcun<\/b>, <i>Pluvialis fulva<\/i>, Pacific Golden-Plover<\/li>\n<li><b>Gri Ba\u015fl\u0131 K\u0131zku\u015fu<\/b>, <i>Vanellus cinereus<\/i>, Gray-headed Lapwing<\/li>\n<li><b>Tibet C\u0131l\u0131b\u0131t\u0131<\/b>, <i>Anarhynchus atrifrons<\/i>, Tibetan Sand-Plover<\/li>\n<li><b>\u0130nce Gagal\u0131 Kervan\u00e7ullu\u011fu<\/b>, <i>Numenius tenuirostris<\/i>, Slender-billed Curlew<\/li>\n<li><b>Ak Sokumlu Kumku\u015fu<\/b>, <i>Calidris fuscicollis<\/i>, White-rumped Sandpiper<\/li>\n<li><b>\u00c7izgili Kumku\u015fu<\/b>, <i>Calidris melanotos<\/i>, Pectoral Sandpiper<\/li>\n<li><b>Sibirya Su\u00e7ullu\u011fu<\/b>, <i>Gallinago stenura<\/i>, Pin-tailed Snipe<\/li>\n<li><b>B\u00fcy\u00fck Denizd\u00fcd\u00fck\u00e7\u00fcn\u00fc<\/b>, <i>Phalaropus tricolor<\/i>, Wilson&#8217;s Phalarope<\/li>\n<li><b>K\u0131z\u0131l Denizd\u00fcd\u00fck\u00e7\u00fcn\u00fc<\/b>, <i>Phalaropus fulicarius<\/i>, Red Phalarope<\/li>\n<li><b>Benekli D\u00fcd\u00fck\u00e7\u00fcn<\/b>, <i>Actitis macularius<\/i>, Spotted Sandpiper<\/li>\n<li><b>K\u00fc\u00e7\u00fck Sar\u0131bacak<\/b>, <i>Tringa flavipes<\/i>, Lesser Yellowlegs<\/li>\n<li><b>Yenge\u00e7 Ya\u011fmurcunu<\/b>, <i>Dromas ardeola<\/i>, Crab-Plover<\/li>\n<li><b>B\u00fcy\u00fck Korsanmart\u0131<\/b>, <i>Stercorarius skua<\/i>, Great Skua<\/li>\n<li><b>Uzun Kuyruklu Korsanmart\u0131<\/b>, <i>Stercorarius longicaudus<\/i>, Long-tailed Jaeger<\/li>\n<li><b>\u00c7atal Kuyruklu Mart\u0131<\/b>, <i>Xema sabini<\/i>, Sabine&#8217;s Gull<\/li>\n<li><b>K\u0131z\u0131ldeniz Mart\u0131s\u0131<\/b>, <i>Ichthyaetus leucophthalmus<\/i>, White-eyed Gull<\/li>\n<li><b>Kutup Mart\u0131s\u0131<\/b>, <i>Larus hyperboreus<\/i>, Glaucous Gull<\/li>\n<li><b>Kutup Sumrusu<\/b>, <i>Sterna paradisaea<\/i>, Arctic Tern<\/li>\n<li><b>Tepeli Sumru<\/b>, <i>Thalasseus bengalensis<\/i>, Lesser Crested Tern<\/li>\n<li><b>Buz Dalg\u0131c\u0131<\/b>, <i>Gavia immer<\/i>, Common Loon<\/li>\n<li><b>K\u00fcl Rengi Yelkovan<\/b>, <i>Ardenna grisea<\/i>, Sooty Shearwater<\/li>\n<li><b>Kara S\u00fcms\u00fck<\/b>, <i>Sula leucogaster<\/i>, Brown Booby<\/li>\n<li><b>Sar\u0131 Gagal\u0131 Leylek<\/b>, <i>Mycteria ibis<\/i>, Yellow-billed Stork<\/li>\n<li><b>K\u00fc\u00e7\u00fck Pelikan<\/b>, <i>Pelecanus rufescens<\/i>, Pink-backed Pelican<\/li>\n<li><b>K\u0131y\u0131 Bal\u0131k\u00e7\u0131l\u0131<\/b>, <i>Egretta gularis<\/i>, Western Reef-Heron<\/li>\n<li><b>Ye\u015fil S\u0131rtl\u0131 Bal\u0131k\u00e7\u0131l<\/b>, <i>Butorides striata<\/i>, Striated Heron<\/li>\n<li><b>Tepeli Ar\u0131 \u015eahini<\/b>, <i>Pernis ptilorhynchus<\/i>, Oriental Honey-buzzard<\/li>\n<li><b>Cambaz Kartal<\/b>, <i>Terathopius ecaudatus<\/i>, Bateleur<\/li>\n<li><b>\u015eikra<\/b>, <i>Accipiter badius<\/i>, Shikra<\/li>\n<li><b>G\u00fcneyli Yakut Renkli Ar\u0131ku\u015fu<\/b>, <i>Merops nubicoides<\/i>, Southern Carmine Bee-eater<\/li>\n<li><b>Hint G\u00f6kkuzgunu<\/b>, <i>Coracias benghalensis<\/i>, Indian Roller<\/li>\n<li><b>Gri Do\u011fan<\/b>, <i>Falco concolor<\/i>, Sooty Falcon<\/li>\n<li><b>T\u00fcrkistan \u00d6r\u00fcmcekku\u015fu<\/b>, <i>Lanius phoenicuroides<\/i>, Red-tailed Shrike<\/li>\n<li><b>Mo\u011folistan \u00d6r\u00fcmcekku\u015fu<\/b>, <i>Lanius isabellinus<\/i>, Isabelline Shrike<\/li>\n<li><b>Uzun Kuyruklu \u00d6r\u00fcmcekku\u015fu<\/b>, <i>Lanius schach<\/i>, Long-tailed Shrike<\/li>\n<li><b>G\u00f6knar Kargas\u0131<\/b>, <i>Nucifraga caryocatactes<\/i>, Eurasian Nutcracker<\/li>\n<li><b>\u00c7\u00f6l Kuzgunu<\/b>, <i>Corvus ruficollis<\/i>, Brown-necked Raven<\/li>\n<li><b>K\u0131sa Kuyruklu Kuzgun<\/b>, <i>Corvus rhipidurus<\/i>, Fan-tailed Raven<\/li>\n<li><b>\u0130bibik Toygar\u0131<\/b>, <i>Alaemon alaudipes<\/i>, Greater Hoopoe-Lark<\/li>\n<li><b>K\u00fc\u00e7\u00fck \u00c7\u00f6l Toygar\u0131<\/b>, <i>Ammomanes cinctura<\/i>, Bar-tailed Lark<\/li>\n<li><b>Kulakl\u0131 \u00c7\u00f6l Toygar\u0131<\/b>, <i>Eremophila bilopha<\/i>, Temminck&#8217;s Lark<\/li>\n<li><b>Kara Toygar<\/b>, <i>Melanocorypha yeltoniensis<\/i>, Black Lark<\/li>\n<li><b>Arabistan Toygar\u0131<\/b>, <i>Eremalauda eremodites<\/i>, Arabian Lark<\/li>\n<li><b>Ak Kanatl\u0131 Toygar<\/b>, <i>Alauda leucoptera<\/i>, White-winged Lark<\/li>\n<li><b>K\u00fc\u00e7\u00fck Tarlaku\u015fu<\/b>, <i>Alauda gulgula<\/i>, Oriental Skylark<\/li>\n<li><b>Sazak Mukalliti<\/b>, <i>Iduna rama<\/i>, Sykes&#8217;s Warbler<\/li>\n<li><b>\u015eark\u0131c\u0131 Mukallit<\/b>, <i>Hippolais polyglotta<\/i>, Melodious Warbler<\/li>\n<li><b>Sar\u0131 Kam\u0131\u015f\u00e7\u0131n<\/b>, <i>Acrocephalus paludicola<\/i>, Aquatic Warbler<\/li>\n<li><b>Kuzey Kam\u0131\u015f\u00e7\u0131n\u0131<\/b>, <i>Acrocephalus dumetorum<\/i>, Blyth&#8217;s Reed Warbler<\/li>\n<li><b>Basra Kam\u0131\u015f\u00e7\u0131n\u0131<\/b>, <i>Acrocephalus griseldis<\/i>, Basra Reed Warbler<\/li>\n<li><b>\u00c7izgili Gerdanl\u0131 K\u0131rlang\u0131\u00e7<\/b>, <i>Petrochelidon fluvicola<\/i>, Streak-throated Swallow<\/li>\n<li><b>K\u00fc\u00e7\u00fck \u00c7\u0131vg\u0131n<\/b>, <i>Phylloscopus neglectus<\/i>, Plain Leaf Warbler<\/li>\n<li><b>Ak Yanakl\u0131 Arapb\u00fclb\u00fcl\u00fc<\/b>, <i>Pycnonotus leucotis<\/i>, White-eared Bulbul<\/li>\n<li><b>Ak Ka\u015fl\u0131 \u00c7\u0131vg\u0131n<\/b>, <i>Phylloscopus humei<\/i>, Hume&#8217;s Warbler<\/li>\n<li><b>\u00c7al\u0131ku\u015fu \u00c7\u0131vg\u0131n\u0131<\/b>, <i>Phylloscopus proregulus<\/i>, Pallas&#8217;s Leaf Warbler<\/li>\n<li><b>Esmer \u00c7\u0131vg\u0131n<\/b>, <i>Phylloscopus fuscatus<\/i>, Dusky Warbler<\/li>\n<li><b>Kuzey \u00c7\u0131vg\u0131n\u0131<\/b>, <i>Phylloscopus borealis<\/i>, Arctic Warbler<\/li>\n<li><b>Kara Gerdanl\u0131 Ard\u0131\u00e7<\/b>, <i>Turdus atrogularis<\/i>, Black-throated Thrush<\/li>\n<li><b>Karakuyruk<\/b>, <i>Oenanthe melanura<\/i>, Blackstart<\/li>\n<li><b>Mavi Kuyruklu B\u00fclb\u00fcl<\/b>, <i>Tarsiger cyanurus<\/i>, Red-flanked Bluetail<\/li>\n<li><b>Kara Ta\u015fku\u015fu<\/b>, <i>Saxicola caprata<\/i>, Pied Bushchat<\/li>\n<li><b>Ke\u015fi\u015f Kuyrukkakan\u0131<\/b>, <i>Oenanthe monacha<\/i>, Hooded Wheatear<\/li>\n<li><b>Ak Tepeli Kuyrukkakan<\/b>, <i>Oenanthe leucopyga<\/i>, White-crowned Wheatear<\/li>\n<li><b>Kara S\u0131rtl\u0131 Kuyrukkakan<\/b>, <i>Oenanthe lugens<\/i>, Mourning Wheatear<\/li>\n<li><b>\u0130pekkuyruk<\/b>, <i>Bombycilla garrulus<\/i>, Bohemian Waxwing<\/li>\n<li><b>Hurmayiyen<\/b>, <i>Hypocolius ampelinus<\/i>, Hypocolius<\/li>\n<li><b>Sibirya Da\u011fb\u00fclb\u00fcl\u00fc<\/b>, <i>Prunella montanella<\/i>, Siberian Accentor<\/li>\n<li><b>Kara Bo\u011fazl\u0131 Da\u011fb\u00fclb\u00fcl\u00fc<\/b>, <i>Prunella atrogularis<\/i>, Black-throated Accentor<\/li>\n<li><b>Mo\u011fol \u0130ncirku\u015fu<\/b>, <i>Anthus godlewskii<\/i>, Blyth&#8217;s Pipit<\/li>\n<li><b>Ye\u015fil S\u0131rtl\u0131 \u0130ncirku\u015fu<\/b>, <i>Anthus hodgsoni<\/i>, Olive-backed Pipit<\/li>\n<li><b>Pasifik \u0130ncirku\u015fu<\/b>, <i>Anthus rubescens<\/i>, American Pipit<\/li>\n<li><b>Hu\u015f \u0130sketesi<\/b>, <i>Acanthis flammea<\/i>, Common Redpoll<\/li>\n<li><b>Mahmuzlu \u00c7inte<\/b>, <i>Calcarius lapponicus<\/i>, Lapland Longspur<\/li>\n<li><b>K\u0131z\u0131l Ba\u015fl\u0131 \u00c7inte<\/b>, <i>Emberiza bruniceps<\/i>, Red-headed Bunting<\/li>\n<li><b>Ak Ba\u015fl\u0131 \u00c7inte<\/b>, <i>Emberiza leucocephalos<\/i>, Pine Bunting<\/li>\n<li><b>K\u00fc\u00e7\u00fck \u00c7inte<\/b>, <i>Emberiza pusilla<\/i>, Little Bunting<\/li>\n<li><b>Ak Ka\u015fl\u0131 \u00c7inte<\/b>, <i>Emberiza rustica<\/i>, Rustic Bunting<\/li>\n<\/ol>\n","protected":false},"excerpt":{"rendered":"<p>A\u015fa\u011f\u0131daki listede s\u0131ralanan ku\u015f t\u00fcrleri, T\u00fcrkiye&#8217;de bilinen kay\u0131t say\u0131s\u0131 25&#8217;ten az olan nadir ve rastlant\u0131sal ku\u015f t\u00fcrlerini kapsamaktad\u0131r. Tayga Kaz\u0131, Anser fabalis, Taiga Bean-Goose Tundra Kaz\u0131, Anser serrirostris, Tundra Bean-Goose Yosun Kaz\u0131, Branta bernicla, Brant Ak Yanakl\u0131 Kaz, Branta leucopsis, Barnacle Goose B\u00fcy\u00fck \u00dcveyik, Streptopelia orientalis, Oriental Turtle-Dove Pa\u00e7al\u0131 Ba\u011f\u0131rtlak, Syrrhaptes paradoxus, Pallas&#8217;s Sandgrouse Benekli [&hellip;]<\/p>\n","protected":false},"author":1,"featured_media":0,"parent":0,"menu_order":0,"comment_status":"closed","ping_status":"closed","template":"","meta":{"footnotes":""},"class_list":["post-245","page","type-page","status-publish","hentry"],"_links":{"self":[{"href":"https:\/\/www.kustr.org\/kuskayitkomitesi\/wp-json\/wp\/v2\/pages\/245","targetHints":{"allow":["GET"]}}],"collection":[{"href":"https:\/\/www.kustr.org\/kuskayitkomitesi\/wp-json\/wp\/v2\/pages"}],"about":[{"href":"https:\/\/www.kustr.org\/kuskayitkomitesi\/wp-json\/wp\/v2\/types\/page"}],"author":[{"embeddable":true,"href":"https:\/\/www.kustr.org\/kuskayitkomitesi\/wp-json\/wp\/v2\/users\/1"}],"replies":[{"embeddable":true,"href":"https:\/\/www.kustr.org\/kuskayitkomitesi\/wp-json\/wp\/v2\/comments?post=245"}],"version-history":[{"count":31,"href":"https:\/\/www.kustr.org\/kuskayitkomitesi\/wp-json\/wp\/v2\/pages\/245\/revisions"}],"predecessor-version":[{"id":1129,"href":"https:\/\/www.kustr.org\/kuskayitkomitesi\/wp-json\/wp\/v2\/pages\/245\/revisions\/1129"}],"wp:attachment":[{"href":"https:\/\/www.kustr.org\/kuskayitkomitesi\/wp-json\/wp\/v2\/media?parent=245"}],"curies":[{"name":"wp","href":"https:\/\/api.w.org\/{rel}","templated":true}]}}