{"id":424,"date":"2018-09-16T05:10:10","date_gmt":"2018-09-16T02:10:10","guid":{"rendered":"http:\/\/www.kustr.org\/kuskayitkomitesi\/?page_id=424"},"modified":"2025-08-19T20:30:43","modified_gmt":"2025-08-19T17:30:43","slug":"en","status":"publish","type":"page","link":"https:\/\/www.kustr.org\/kuskayitkomitesi\/en\/","title":{"rendered":"Turkish Bird Records Committee"},"content":{"rendered":"Turkish Bird Records Committee works to evaluate rare and unusual bird species that are seen for the first time in Turkey, have fewer than 25 records, or re-discovered in modern times after their old records. Observers are expected to enter such records both on eBird and through the &#8220;<a href=\"https:\/\/docs.google.com\/forms\/d\/e\/1FAIpQLSc08lOX4hBLPKF7HmAtNBPUwZBurDbDuK3JBe8L2gl5YM7UOQ\/viewform\">rare and unusual species registration form<\/a>&#8220;, where they can provide additional information to the Committee.\r\n\r\nCommittee e-mail address: ebirdtr@gmail.com\r\n\r\nTurkish Bird Records Committee members:\r\n<ul>\r\n \t<li>Mustafa Erturhan (Chairman)(<a href=\"https:\/\/ebird.org\/profile\/NDQ1NTE5\/TR\" target=\"_blank\" rel=\"noopener\">eBird Profili<\/a>)<\/li>\r\n \t<li>\u00c7a\u011fan Abbaso\u011flu (<a href=\"https:\/\/ebird.org\/profile\/MTY4NTIyNA\" target=\"_blank\" rel=\"noopener\">eBird Profili<\/a>)<\/li>\r\n \t<li>Emin Yo\u011furt\u00e7uo\u011flu (<a href=\"https:\/\/ebird.org\/profile\/NTI4MDA4\/world\" target=\"_blank\" rel=\"noopener\">eBird Profili<\/a>)<\/li>\r\n \t<li>Kerem Ali Boyla (<a href=\"https:\/\/ebird.org\/profile\/Mjc4Mzky\/world\" target=\"_blank\" rel=\"noopener\">eBird Profili<\/a>)<\/li>\r\n \t<li>Kuzey Cem Kula\u00e7o\u011flu (<a href=\"https:\/\/ebird.org\/profile\/NDI2NTY5\/world\" target=\"_blank\" rel=\"noopener\">eBird Profili<\/a>)<\/li>\r\n \t<li>Nizamettin Yavuz (<a href=\"https:\/\/ebird.org\/profile\/NDMwNzU1\/world\" target=\"_blank\" rel=\"noopener\">eBird Profili<\/a>)<\/li>\r\n \t<li>Orhan G\u00fcl (<a href=\"https:\/\/ebird.org\/profile\/NTQ4MDgw\/world\" target=\"_blank\" rel=\"noopener\">eBird Profili<\/a>)<\/li>\r\n \t<li>Volkan Donbalo\u011flu (<a href=\"https:\/\/ebird.org\/profile\/MjQ1MDI0OQ\/world\" target=\"_blank\" rel=\"noopener\">eBird Profili<\/a>)<\/li>\r\n<\/ul>\r\nReviewers:\r\n<ul>\r\n \t<li>(Committee members)<\/li>\r\n \t<li>Birol Hatino\u011flu<\/li>\r\n \t<li>Cemil Gezgin<\/li>\r\n \t<li>Cenk Polat<\/li>\r\n \t<li>Kiraz Erciyas Yavuz<\/li>\r\n \t<li>Korhan \u00d6zkan<\/li>\r\n \t<li>Mehmet \u00dcnl\u00fc<\/li>\r\n \t<li>Murat Uyman<\/li>\r\n \t<li>Mustafa \u00d6zdemir<\/li>\r\n<\/ul>\r\nOld Committee Members\r\n<ul>\r\n \t<li>Ali Atahan (2017-2023)<\/li>\r\n \t<li>Kiraz Erciyas Yavuz (2013-2023)<\/li>\r\n \t<li>Korhan \u00d6zkan (2013-2023)<\/li>\r\n \t<li>Kuzey Cem Kula\u00e7o\u011flu (2017-2024)<\/li>\r\n \t<li>Metehan \u00d6zen (2013-2023)<\/li>\r\n \t<li>\u00d6mral \u00dcnsal \u00d6zko\u00e7 (2013-2024)<\/li>\r\n<\/ul>\r\n\r\n<!-- \/wp:post-content -->","protected":false},"excerpt":{"rendered":"<p>Turkish Bird Records Committee works to evaluate rare and unusual bird species that are seen for the first time in Turkey, have fewer than 25 records, or re-discovered in modern times after their old records. Observers are expected to enter such records both on eBird and through the &#8220;rare and unusual species registration form&#8220;, where [&hellip;]<\/p>\n","protected":false},"author":1,"featured_media":0,"parent":0,"menu_order":0,"comment_status":"closed","ping_status":"closed","template":"","meta":{"footnotes":""},"class_list":["post-424","page","type-page","status-publish","hentry"],"_links":{"self":[{"href":"https:\/\/www.kustr.org\/kuskayitkomitesi\/wp-json\/wp\/v2\/pages\/424","targetHints":{"allow":["GET"]}}],"collection":[{"href":"https:\/\/www.kustr.org\/kuskayitkomitesi\/wp-json\/wp\/v2\/pages"}],"about":[{"href":"https:\/\/www.kustr.org\/kuskayitkomitesi\/wp-json\/wp\/v2\/types\/page"}],"author":[{"embeddable":true,"href":"https:\/\/www.kustr.org\/kuskayitkomitesi\/wp-json\/wp\/v2\/users\/1"}],"replies":[{"embeddable":true,"href":"https:\/\/www.kustr.org\/kuskayitkomitesi\/wp-json\/wp\/v2\/comments?post=424"}],"version-history":[{"count":10,"href":"https:\/\/www.kustr.org\/kuskayitkomitesi\/wp-json\/wp\/v2\/pages\/424\/revisions"}],"predecessor-version":[{"id":1211,"href":"https:\/\/www.kustr.org\/kuskayitkomitesi\/wp-json\/wp\/v2\/pages\/424\/revisions\/1211"}],"wp:attachment":[{"href":"https:\/\/www.kustr.org\/kuskayitkomitesi\/wp-json\/wp\/v2\/media?parent=424"}],"curies":[{"name":"wp","href":"https:\/\/api.w.org\/{rel}","templated":true}]}}